{"id":675,"date":"2018-03-14T19:00:47","date_gmt":"2018-03-14T18:00:47","guid":{"rendered":"http:\/\/www.ozbud.com.pl\/?page_id=675"},"modified":"2018-05-14T08:55:44","modified_gmt":"2018-05-14T06:55:44","slug":"sanierungsmassnahmen","status":"publish","type":"page","link":"https:\/\/www.ozbud.com.pl\/index.php\/de\/sanierungsmassnahmen\/","title":{"rendered":"Sanierungsma\u00dfnahmen"},"content":{"rendered":"<\/div><\/div><\/div><!-- close content main div --><\/div><\/div><div id='av_section_1' class='avia-section main_color avia-section-large avia-no-border-styling avia-full-stretch av-section-color-overlay-active avia-bg-style-scroll   container_wrap fullsize' style = 'background-repeat: no-repeat; background-image: url(https:\/\/www.ozbud.com.pl\/wp-content\/uploads\/2018\/02\/ozbud-banner-03.jpg); background-attachment: scroll; background-position: center center; ' data-section-bg-repeat='stretch' ><div class='av-section-color-overlay-wrap'><div class='av-section-color-overlay' style='opacity: 0.5; background-color: #00345b; '><\/div><div class='container' ><div class='template-page content  av-content-full alpha units'><div class='post-entry post-entry-type-page post-entry-675'><div class='entry-content-wrapper clearfix'>\n<div style='padding-bottom:0px;color:#ffffff;font-size:30px;' class='av-special-heading av-special-heading-h3 custom-color-heading blockquote modern-quote modern-centered  av-thin-font av-inherit-size '><h3 class='av-special-heading-tag '  itemprop=\"headline\"  ><strong>T\u00c4TIGKEITSFELDER<\/strong><\/h3><div class='special-heading-border'><div class='special-heading-inner-border' style='border-color:#ffffff'><\/div><\/div><\/div>\n\n<\/div><\/div><\/div><!-- close content main div --><\/div><\/div><\/div><div id='av_section_2' class='avia-section main_color avia-section-default avia-no-border-styling avia-bg-style-scroll   container_wrap fullsize' style = 'background-color: #efefef; '  ><div class='container' ><div class='template-page content  av-content-full alpha units'><div class='post-entry post-entry-type-page post-entry-675'><div class='entry-content-wrapper clearfix'>\n<div style='padding-bottom:15px;font-size:30px;' class='av-special-heading av-special-heading-h3  blockquote modern-quote modern-centered   av-thin-font av-inherit-size '><h3 class='av-special-heading-tag '  itemprop=\"headline\"  ><strong>Sanierungsma\u00dfnahmen<\/strong><\/h3><div class='special-heading-border'><div class='special-heading-inner-border' ><\/div><\/div><\/div>\n<div class=\"flex_column av_one_fifth  flex_column_div av-zero-column-padding first  \" style='border-radius:0px; '><\/div><div class=\"flex_column av_three_fifth  flex_column_div av-zero-column-padding   \" style='border-radius:0px; '><section class=\"av_textblock_section \"  itemscope=\"itemscope\" itemtype=\"https:\/\/schema.org\/CreativeWork\" ><div class='avia_textblock  '   itemprop=\"text\" ><p style=\"text-align: center;\">Sanierung der denkmalgesch\u00fctzten Objekte ist eine von unseren Ursprungsspezialit\u00e4ten. Wir verf\u00fcgen \u00fcber beste Voraussetzungen und Qualifikationen in unserer Region.<\/p>\n<\/div><\/section><\/div><div class=\"flex_column av_one_fifth  flex_column_div av-zero-column-padding   \" style='border-radius:0px; '><\/div>\n\n<div class=\"flex_column av_one_half  flex_column_div av-zero-column-padding first  \" style='border-radius:0px; '><section class=\"av_textblock_section \"  itemscope=\"itemscope\" itemtype=\"https:\/\/schema.org\/CreativeWork\" ><div class='avia_textblock  '   itemprop=\"text\" ><h3 style=\"text-align: left;\">Renovierung<\/h3>\n<p style=\"text-align: left;\">Sanierungs- und Renovierungsma\u00dfnahmen im Bau sind zwei sehr herausfordernde Branchen. Den Zustand des Objekts kann man erstmals w\u00e4hrend der Bauarbeiten richtig einsch\u00e4tzen. Dabei helfen uns unsere Erfahrung und Intuition die uns in Kombination mit der richtigen Ausbildung und tiefgreifenden technischen Wissen bei schwierigen Situationen hilft. Wir sind immer Stolz, wenn wir es schaffen die Geschichte und Kunst mit den neusten Standards in Einklang zu bringen.<\/p>\n<p style=\"text-align: left;\">W\u00e4hrend der Sanierungsarbeiten an Denkmalgesch\u00fctzten Objekten, ben\u00f6tigt man diverse Berichtigungen. Wir verf\u00fcgen Bauberechtigungen f\u00fcr Sanierungsma\u00dfnahmen an allen Objekten in verschiedenen Gr\u00f6\u00dfen. Klein und gro\u00df ist f\u00fcr uns gleicherma\u00dfen interessant.<\/p>\n<\/div><\/section><br \/>\n<div style='height:30px' class='hr hr-invisible  '><span class='hr-inner ' ><span class='hr-inner-style'><\/span><\/span><\/div><br \/>\n<section class=\"av_textblock_section \"  itemscope=\"itemscope\" itemtype=\"https:\/\/schema.org\/CreativeWork\" ><div class='avia_textblock  '   itemprop=\"text\" ><h3 style=\"text-align: left;\"><strong>Denkmalgesch\u00fctzte Objekte<\/strong><\/h3>\n<p>Einen Altbau zu sanieren erfordert nicht nur grundlegende Erfahrungen mit dem Bauen, sondern auch ein gewisses Verst\u00e4ndnis f\u00fcr den Umgang mit historischer Bausubstanz. Dies ist vor allem dann notwendig, wenn das Geb\u00e4ude unter Denkmalschutz steht. Denn hier hat die Denkmalschutzbeh\u00f6rde das letzte Wort, ob und in welchem Umfang die gew\u00fcnschten Sanierungsma\u00dfnahmen an einem Geb\u00e4ude vorgenommen werden d\u00fcrfen. Wir lassen unsere Bauherrn vom Denkmalschutz nicht abschrecken. Wir arbeiten oft mit den Denkmalschutzbeh\u00f6rden und wissen genau welche Stellen kritisch sind.<\/p>\n<p>Auf dem schlesischen Immobilienmarkt befinden sich echte Liebhaberst\u00fccke, nach denen eine gro\u00dfe Nachfrage besteht. Im Wroc\u0142aw gibt es ganze Stadteile die derzeit einen stetigen Wandel erfahren. Vergleichbar mit dem Wandel in Kreuzberg und Neuk\u00f6lln in Berlin oder der Dresdner Neustadt vor 10 Jahren. Daraus lassen sich in der Umgebung optimale Kapitalanlagen sch\u00f6pfen.<\/p>\n<\/div><\/section><\/p><\/div><div class=\"flex_column av_one_half  flex_column_div av-zero-column-padding   \" style='border-radius:0px; '><div class='avia-image-container  av-styling-    avia-align-center '  itemprop=\"ImageObject\" itemscope=\"itemscope\" itemtype=\"https:\/\/schema.org\/ImageObject\"  ><div class='avia-image-container-inner'><img class='avia_image ' src='https:\/\/www.ozbud.com.pl\/wp-content\/uploads\/2018\/03\/ozbud-remonty-04.jpg' alt='' title='ozbud-remonty-04'   itemprop=\"thumbnailUrl\"  \/><\/div><\/div><\/div><\/p>\n<\/div><\/div><\/div><!-- close content main div --><\/div><\/div><div id='av_section_3' class='avia-section main_color avia-section-default avia-no-border-styling avia-bg-style-scroll   container_wrap fullsize' style = 'background-color: #efefef; '  ><div class='container' ><div class='template-page content  av-content-full alpha units'><div class='post-entry post-entry-type-page post-entry-675'><div class='entry-content-wrapper clearfix'>\n<div style='padding-bottom:15px;font-size:30px;' class='av-special-heading av-special-heading-h3  blockquote modern-quote modern-centered  av-thin-font av-inherit-size '><h3 class='av-special-heading-tag '  itemprop=\"headline\"  ><strong>Ausgew\u00e4hlte Referenzobjekte:<\/strong><\/h3><div class='special-heading-border'><div class='special-heading-inner-border' ><\/div><\/div><\/div>\n<div id='av-masonry-1' class='av-masonry  noHover av-fixed-size av-no-gap av-hover-overlay- av-masonry-col-5 av-caption-on-hover-hide av-caption-style-    ' style='background-color:#efefef; ' ><div class='av-masonry-container isotope av-js-disabled ' ><div class='av-masonry-entry isotope-item av-masonry-item-no-image '><\/div><a href=\"https:\/\/www.ozbud.com.pl\/index.php\/realizacje\/remont-budynku-wpt\/\" id='av-masonry-1-item-553' data-av-masonry-item='553' class='av-masonry-entry isotope-item post-553 portfolio type-portfolio status-publish has-post-thumbnail hentry portfolio_entries-budownictwo-przemyslowe portfolio_entries-remonty-i-renowacje  av-masonry-item-with-image av-grid-img' title=\"Remont Budynku Biurowego WPT\"  itemscope=\"itemscope\" itemtype=\"https:\/\/schema.org\/CreativeWork\" ><div class='av-inner-masonry-sizer'><\/div><figure class='av-inner-masonry main_color'><div class=\"av-masonry-outerimage-container\"><div class=\"av-masonry-image-container\" style=\"background-image: url(https:\/\/www.ozbud.com.pl\/wp-content\/uploads\/2018\/03\/remont-budynku-wpp-6-705x470.jpg);\"><img decoding=\"async\" src=\"https:\/\/www.ozbud.com.pl\/wp-content\/uploads\/2018\/03\/remont-budynku-wpp-6-705x470.jpg\" title=\"remont-budynku-wpp (6)\" alt=\"\" \/><\/div><\/div><figcaption class='av-inner-masonry-content site-background'><div class='av-inner-masonry-content-pos'><div class='av-inner-masonry-content-pos-content'><div class='avia-arrow'><\/div><h3 class='av-masonry-entry-title entry-title'  itemprop=\"headline\" >Remont Budynku Biurowego WPT<\/h3><\/div><\/div><\/figcaption><\/figure><\/a><!--end av-masonry entry--><a href=\"https:\/\/www.ozbud.com.pl\/index.php\/realizacje\/dps-wroclaw\/\" id='av-masonry-1-item-1128' data-av-masonry-item='1128' class='av-masonry-entry isotope-item post-1128 portfolio type-portfolio status-publish has-post-thumbnail hentry portfolio_entries-obiekty-uzytecznosci-publicznej portfolio_entries-remonty-i-renowacje portfolio_entries-roboty-dekarskie  av-masonry-item-with-image av-grid-img' title=\"Dom Pomocy Spo\u0142ecznej we Wroc\u0142awiu\"  itemscope=\"itemscope\" itemtype=\"https:\/\/schema.org\/CreativeWork\" ><div class='av-inner-masonry-sizer'><\/div><figure class='av-inner-masonry main_color'><div class=\"av-masonry-outerimage-container\"><div class=\"av-masonry-image-container\" style=\"background-image: url(https:\/\/www.ozbud.com.pl\/wp-content\/uploads\/2018\/03\/MOPS_1.jpg);\"><img decoding=\"async\" src=\"https:\/\/www.ozbud.com.pl\/wp-content\/uploads\/2018\/03\/MOPS_1.jpg\" title=\"MOPS_1\" alt=\"\" \/><\/div><\/div><figcaption class='av-inner-masonry-content site-background'><div class='av-inner-masonry-content-pos'><div class='av-inner-masonry-content-pos-content'><div class='avia-arrow'><\/div><h3 class='av-masonry-entry-title entry-title'  itemprop=\"headline\" >Dom Pomocy Spo\u0142ecznej we Wroc\u0142awiu<\/h3><\/div><\/div><\/figcaption><\/figure><\/a><!--end av-masonry entry--><a href=\"https:\/\/www.ozbud.com.pl\/index.php\/realizacje\/remont-dworca-wroclaw-kuzniki\/\" id='av-masonry-1-item-1157' data-av-masonry-item='1157' class='av-masonry-entry isotope-item post-1157 portfolio type-portfolio status-publish has-post-thumbnail hentry portfolio_entries-obiekty-uzytecznosci-publicznej portfolio_entries-remonty-i-renowacje  av-masonry-item-with-image av-grid-img' title=\"Remont Dworca, Wroc\u0142aw Ku\u017aniki\"  itemscope=\"itemscope\" itemtype=\"https:\/\/schema.org\/CreativeWork\" ><div class='av-inner-masonry-sizer'><\/div><figure class='av-inner-masonry main_color'><div class=\"av-masonry-outerimage-container\"><div class=\"av-masonry-image-container\" style=\"background-image: url(https:\/\/www.ozbud.com.pl\/wp-content\/uploads\/2018\/03\/remont-zabytkowego-dworca-kuzniki-2-705x470.jpg);\"><img decoding=\"async\" src=\"https:\/\/www.ozbud.com.pl\/wp-content\/uploads\/2018\/03\/remont-zabytkowego-dworca-kuzniki-2-705x470.jpg\" title=\"remont-zabytkowego-dworca-kuzniki (2)\" alt=\"\" \/><\/div><\/div><figcaption class='av-inner-masonry-content site-background'><div class='av-inner-masonry-content-pos'><div class='av-inner-masonry-content-pos-content'><div class='avia-arrow'><\/div><h3 class='av-masonry-entry-title entry-title'  itemprop=\"headline\" >Remont Dworca, Wroc\u0142aw Ku\u017aniki<\/h3><\/div><\/div><\/figcaption><\/figure><\/a><!--end av-masonry entry--><a href=\"https:\/\/www.ozbud.com.pl\/index.php\/realizacje\/biuro-wystaw\/\" id='av-masonry-1-item-957' data-av-masonry-item='957' class='av-masonry-entry isotope-item post-957 portfolio type-portfolio status-publish has-post-thumbnail hentry portfolio_entries-obiekty-uzytecznosci-publicznej portfolio_entries-remonty-i-renowacje  av-masonry-item-with-image av-grid-img' title=\"Biuro Wystaw przy ul. Wita Stwosza\"  itemscope=\"itemscope\" itemtype=\"https:\/\/schema.org\/CreativeWork\" ><div class='av-inner-masonry-sizer'><\/div><figure class='av-inner-masonry main_color'><div class=\"av-masonry-outerimage-container\"><div class=\"av-masonry-image-container\" style=\"background-image: url(https:\/\/www.ozbud.com.pl\/wp-content\/uploads\/2018\/03\/BWA_1-1.jpg);\"><img decoding=\"async\" src=\"https:\/\/www.ozbud.com.pl\/wp-content\/uploads\/2018\/03\/BWA_1-1.jpg\" title=\"BWA_1\" alt=\"\" \/><\/div><\/div><figcaption class='av-inner-masonry-content site-background'><div class='av-inner-masonry-content-pos'><div class='av-inner-masonry-content-pos-content'><div class='avia-arrow'><\/div><h3 class='av-masonry-entry-title entry-title'  itemprop=\"headline\" >Biuro Wystaw przy ul. Wita Stwosza<\/h3><\/div><\/div><\/figcaption><\/figure><\/a><!--end av-masonry entry--><a href=\"https:\/\/www.ozbud.com.pl\/index.php\/realizacje\/remonty-i-adaptacje-delaval\/\" id='av-masonry-1-item-560' data-av-masonry-item='560' class='av-masonry-entry isotope-item post-560 portfolio type-portfolio status-publish has-post-thumbnail hentry portfolio_entries-budownictwo-przemyslowe portfolio_entries-remonty-i-renowacje  av-masonry-item-with-image av-grid-img' title=\"Remonty i Adaptacje Hal &#8211; Delaval\"  itemscope=\"itemscope\" itemtype=\"https:\/\/schema.org\/CreativeWork\" ><div class='av-inner-masonry-sizer'><\/div><figure class='av-inner-masonry main_color'><div class=\"av-masonry-outerimage-container\"><div class=\"av-masonry-image-container\" style=\"background-image: url(https:\/\/www.ozbud.com.pl\/wp-content\/uploads\/2018\/03\/HALA_DELAVAL_1.jpg);\"><img decoding=\"async\" src=\"https:\/\/www.ozbud.com.pl\/wp-content\/uploads\/2018\/03\/HALA_DELAVAL_1.jpg\" title=\"DCF 1.0\" alt=\"\" \/><\/div><\/div><figcaption class='av-inner-masonry-content site-background'><div class='av-inner-masonry-content-pos'><div class='av-inner-masonry-content-pos-content'><div class='avia-arrow'><\/div><h3 class='av-masonry-entry-title entry-title'  itemprop=\"headline\" >Remonty i Adaptacje Hal &#8211; Delaval<\/h3><\/div><\/div><\/figcaption><\/figure><\/a><!--end av-masonry entry--><\/div><\/div><\/p>\n<\/div><\/div><\/div><!-- close content main div --><\/div><\/div><div id='av-layout-grid-1' class='av-layout-grid-container entry-content-wrapper main_color av-flex-cells    container_wrap fullsize'   >\n<div class=\"flex_cell no_margin av_one_half   avia-full-stretch \" style='height:400px; min-height:400px;background-image:url(https:\/\/www.ozbud.com.pl\/wp-content\/uploads\/2018\/03\/ozbud-przemysl-03.jpg); background-position:center center; background-repeat:no-repeat; background-attachment:scroll; vertical-align:top; padding:90px; '><div class='flex_cell_inner' ><p><div style='padding-bottom:20px;color:#ffffff;font-size:30px;' class='av-special-heading av-special-heading-h3 custom-color-heading blockquote modern-quote   av-inherit-size '><h3 class='av-special-heading-tag '  itemprop=\"headline\"  >Industriebau<\/h3><div class='special-heading-border'><div class='special-heading-inner-border' style='border-color:#ffffff'><\/div><\/div><\/div><br \/>\n<section class=\"av_textblock_section \"  itemscope=\"itemscope\" itemtype=\"https:\/\/schema.org\/CreativeWork\" ><div class='avia_textblock  av_inherit_color '  style='color:#ffffff; '  itemprop=\"text\" ><p>Der Bau von Industriegeb\u00e4uden stellt eine gro\u00dfe Herausforderung dar. Bei der Entwicklung von Anlagen ist ein H\u00f6chstma\u00df an Erfahrung erforderlich. Noch wichtiger ist ein starkes Lieferantennetzwerk.<\/p>\n<\/div><\/section><br \/>\n<div style='height:20px' class='hr hr-invisible  '><span class='hr-inner ' ><span class='hr-inner-style'><\/span><\/span><\/div><br \/>\n<div class='avia-button-wrap avia-button-left '><a href='https:\/\/www.ozbud.com.pl\/index.php\/budownictwo-przemyslowe\/' class='avia-button   avia-icon_select-no avia-color-light avia-size-medium avia-position-left '   ><span class='avia_iconbox_title' >WI\u0118CEJ<\/span><\/a><\/div><\/p>\n<\/div><\/div><div class=\"flex_cell no_margin av_one_half   avia-full-stretch \" style='height:400px; min-height:400px;background-image:url(https:\/\/www.ozbud.com.pl\/wp-content\/uploads\/2018\/03\/ozbud-mieszkania-03.jpg); background-position:bottom center; background-repeat:no-repeat; background-attachment:scroll; vertical-align:top; padding:90px; '><div class='flex_cell_inner' ><p><div style='padding-bottom:20px;color:#ffffff;font-size:30px;' class='av-special-heading av-special-heading-h3 custom-color-heading blockquote modern-quote   av-inherit-size '><h3 class='av-special-heading-tag '  itemprop=\"headline\"  >Wohnanlagen<\/h3><div class='special-heading-border'><div class='special-heading-inner-border' style='border-color:#ffffff'><\/div><\/div><\/div><br \/>\n<section class=\"av_textblock_section \"  itemscope=\"itemscope\" itemtype=\"https:\/\/schema.org\/CreativeWork\" ><div class='avia_textblock  av_inherit_color '  style='color:#ffffff; '  itemprop=\"text\" ><p>F\u00fcr einen erfolgreichen Ausbau von Wohnanlagen richten wir unseren Fokus auf die Bed\u00fcrfnisse unserer Endkunden, sprich die zuk\u00fcnftigen Bewohner.<\/p>\n<\/div><\/section><br \/>\n<div style='height:20px' class='hr hr-invisible  '><span class='hr-inner ' ><span class='hr-inner-style'><\/span><\/span><\/div><br \/>\n<div class='avia-button-wrap avia-button-left '><a href='https:\/\/www.ozbud.com.pl\/index.php\/budownictwo_mieszkaniowe\/' class='avia-button   avia-icon_select-no avia-color-light avia-size-medium avia-position-left '   ><span class='avia_iconbox_title' >WI\u0118CEJ<\/span><\/a><\/div><\/p>\n<\/div><\/div><\/div><\/div><\/div><\/div><!-- close content main div --><\/div><\/div><div id='av_section_4' class='avia-section main_color avia-section-default avia-no-border-styling avia-bg-style-scroll   container_wrap fullsize' style = 'background-color: #00345b; '  ><div class='container' ><div class='template-page content  av-content-full alpha units'><div class='post-entry post-entry-type-page post-entry-675'><div class='entry-content-wrapper clearfix'>\n<div style='padding-bottom:30px;color:#ffffff;font-size:30px;' class='av-special-heading av-special-heading-h3 custom-color-heading blockquote modern-quote modern-centered  av-thin-font av-inherit-size '><h3 class='av-special-heading-tag '  itemprop=\"headline\"  ><strong>Haben wir ihre Interesse geweckt? Sie k\u00f6nnen mehr \u00fcber uns erfahren.<\/strong><\/h3><div class='special-heading-border'><div class='special-heading-inner-border' style='border-color:#ffffff'><\/div><\/div><\/div>\n<div class='avia-button-wrap avia-button-center '><a href='https:\/\/www.ozbud.com.pl\/index.php\/o-nas\/' class='avia-button   avia-icon_select-no avia-color-custom avia-size-large avia-position-center '  style='background-color:#ab2521; border-color:#ab2521; color:#ffffff; ' ><span class='avia_iconbox_title' >MEHR ERFAHREN<\/span><\/a><\/div>\n<\/p>\n<div style='height:100px' class='hr hr-invisible  '><span class='hr-inner ' ><span class='hr-inner-style'><\/span><\/span><\/div>\n<\/div><\/div><\/div><!-- close content main div --><\/div><\/div><div id='av_section_5' class='avia-section main_color avia-section-default avia-no-border-styling avia-full-stretch avia-bg-style-scroll   av-minimum-height av-minimum-height-custom container_wrap fullsize' style = 'background-repeat: no-repeat; background-image: url(https:\/\/www.ozbud.com.pl\/wp-content\/uploads\/2018\/02\/ozbud-footer-04.png); background-attachment: scroll; background-position: bottom center; ' data-section-bg-repeat='stretch' ><div class='container' style='height:530px'><div class='template-page content  av-content-full alpha units'><div class='post-entry post-entry-type-page post-entry-675'><div class='entry-content-wrapper clearfix'>\n","protected":false},"excerpt":{"rendered":"","protected":false},"author":1,"featured_media":0,"parent":0,"menu_order":0,"comment_status":"closed","ping_status":"closed","template":"","meta":{"footnotes":""},"yst_prominent_words":[],"class_list":["post-675","page","type-page","status-publish","hentry"],"_links":{"self":[{"href":"https:\/\/www.ozbud.com.pl\/index.php\/wp-json\/wp\/v2\/pages\/675","targetHints":{"allow":["GET"]}}],"collection":[{"href":"https:\/\/www.ozbud.com.pl\/index.php\/wp-json\/wp\/v2\/pages"}],"about":[{"href":"https:\/\/www.ozbud.com.pl\/index.php\/wp-json\/wp\/v2\/types\/page"}],"author":[{"embeddable":true,"href":"https:\/\/www.ozbud.com.pl\/index.php\/wp-json\/wp\/v2\/users\/1"}],"replies":[{"embeddable":true,"href":"https:\/\/www.ozbud.com.pl\/index.php\/wp-json\/wp\/v2\/comments?post=675"}],"version-history":[{"count":10,"href":"https:\/\/www.ozbud.com.pl\/index.php\/wp-json\/wp\/v2\/pages\/675\/revisions"}],"predecessor-version":[{"id":1462,"href":"https:\/\/www.ozbud.com.pl\/index.php\/wp-json\/wp\/v2\/pages\/675\/revisions\/1462"}],"wp:attachment":[{"href":"https:\/\/www.ozbud.com.pl\/index.php\/wp-json\/wp\/v2\/media?parent=675"}],"wp:term":[{"taxonomy":"yst_prominent_words","embeddable":true,"href":"https:\/\/www.ozbud.com.pl\/index.php\/wp-json\/wp\/v2\/yst_prominent_words?post=675"}],"curies":[{"name":"wp","href":"https:\/\/api.w.org\/{rel}","templated":true}]}}