{"id":670,"date":"2018-03-14T18:55:21","date_gmt":"2018-03-14T17:55:21","guid":{"rendered":"http:\/\/www.ozbud.com.pl\/?page_id=670"},"modified":"2018-05-14T08:53:33","modified_gmt":"2018-05-14T06:53:33","slug":"wohnanlagen","status":"publish","type":"page","link":"https:\/\/www.ozbud.com.pl\/index.php\/de\/wohnanlagen\/","title":{"rendered":"Wohnanlagen"},"content":{"rendered":"<\/div><\/div><\/div><!-- close content main div --><\/div><\/div><div id='av_section_1' class='avia-section main_color avia-section-large avia-no-border-styling avia-full-stretch av-section-color-overlay-active avia-bg-style-scroll   container_wrap fullsize' style = 'background-repeat: no-repeat; background-image: url(https:\/\/www.ozbud.com.pl\/wp-content\/uploads\/2018\/02\/ozbud-banner-03.jpg); background-attachment: scroll; background-position: center center; ' data-section-bg-repeat='stretch' ><div class='av-section-color-overlay-wrap'><div class='av-section-color-overlay' style='opacity: 0.5; background-color: #00345b; '><\/div><div class='container' ><div class='template-page content  av-content-full alpha units'><div class='post-entry post-entry-type-page post-entry-670'><div class='entry-content-wrapper clearfix'>\n<div style='padding-bottom:0px;color:#ffffff;font-size:30px;' class='av-special-heading av-special-heading-h3 custom-color-heading blockquote modern-quote modern-centered  av-thin-font av-inherit-size '><h3 class='av-special-heading-tag '  itemprop=\"headline\"  ><strong>T\u00c4TIGKEITSFELDER<\/strong><\/h3><div class='special-heading-border'><div class='special-heading-inner-border' style='border-color:#ffffff'><\/div><\/div><\/div>\n\n<\/div><\/div><\/div><!-- close content main div --><\/div><\/div><\/div><div id='av_section_2' class='avia-section main_color avia-section-default avia-no-border-styling avia-bg-style-scroll   container_wrap fullsize' style = 'background-color: #efefef; '  ><div class='container' ><div class='template-page content  av-content-full alpha units'><div class='post-entry post-entry-type-page post-entry-670'><div class='entry-content-wrapper clearfix'>\n<div style='padding-bottom:15px;font-size:30px;' class='av-special-heading av-special-heading-h3  blockquote modern-quote modern-centered   av-thin-font av-inherit-size '><h3 class='av-special-heading-tag '  itemprop=\"headline\"  ><strong>Wohnanlagen<\/strong><\/h3><div class='special-heading-border'><div class='special-heading-inner-border' ><\/div><\/div><\/div>\n<div class=\"flex_column av_one_fifth  flex_column_div av-zero-column-padding first  \" style='border-radius:0px; '><\/div><div class=\"flex_column av_three_fifth  flex_column_div av-zero-column-padding   \" style='border-radius:0px; '><section class=\"av_textblock_section \"  itemscope=\"itemscope\" itemtype=\"https:\/\/schema.org\/CreativeWork\" ><div class='avia_textblock  '   itemprop=\"text\" ><p style=\"text-align: center;\">F\u00fcr einen erfolgreichen Ausbau von Wohnanlagen richten wir unseren Fokus auf die Bed\u00fcrfnisse unserer Endkunden, sprich die zuk\u00fcnftigen Bewohner.<\/p>\n<\/div><\/section><\/div><div class=\"flex_column av_one_fifth  flex_column_div av-zero-column-padding   \" style='border-radius:0px; '><\/div><div class=\"flex_column av_one_half  flex_column_div av-zero-column-padding first  \" style='border-radius:0px; '><section class=\"av_textblock_section \"  itemscope=\"itemscope\" itemtype=\"https:\/\/schema.org\/CreativeWork\" ><div class='avia_textblock  '   itemprop=\"text\" ><h3 style=\"text-align: left;\"><strong>Wohnanlagen<\/strong><\/h3>\n<p>Professionell und kompetent mit einem gro\u00dfen Team von engagierten Bauleitern stehen wir ihnen zur Seite, um Immobilienprojekte aller Art profitabel zu realisieren. Mit langj\u00e4hriger Erfahrung aus dem schl\u00fcsselfertigen Wohnanlagenbau entwickeln wir Ihnen individuell das optimale Konzept f\u00fcr Ihre Anspr\u00fcche, mit den zuk\u00fcnftigen Bewohnern im Blick.<\/p>\n<p>Jedes Projekt ist f\u00fcr uns eine neue Chance einen Eindruck im Bauwesen zu hinterlassen. Unsere Fachleute sind in der Baubranche seit Jahrzehnten t\u00e4tig und sorgen immer f\u00fcr beste Qualit\u00e4t. Dank unserer Philosophie k\u00f6nnen wir immer wieder neue Kunden aus unserer Umgebung f\u00fcr uns gewinnen.<\/p>\n<\/div><\/section><br \/>\n<div style='height:30px' class='hr hr-invisible  '><span class='hr-inner ' ><span class='hr-inner-style'><\/span><\/span><\/div><br \/>\n<section class=\"av_textblock_section \"  itemscope=\"itemscope\" itemtype=\"https:\/\/schema.org\/CreativeWork\" ><div class='avia_textblock  '   itemprop=\"text\" ><h3 style=\"text-align: left;\"><strong>OZBUD als Entwickler<\/strong><\/h3>\n<p style=\"text-align: left;\">Wir bauen Wohnanlagen nicht nur f\u00fcr den Entwickler, sondern entwickeln auch unsere eigenen Neubauprojekte. Unser Erfolgskonzept besteht aus st\u00e4ndigen Qualit\u00e4tskontrollen auf den Baustellen. Unsere Gesch\u00e4ftsf\u00fchrer besuchen selbst m\u00f6glichst viele von unseren Standorten. Das Vier-Augen-Prinzip nehmen wir sehr ernst.<\/p>\n<p style=\"text-align: left;\">Wir arbeiten mit den zuverl\u00e4ssigsten Planern und sind der Meinung das der Einsatz von Ressourcen f\u00fcr eine solide Planung im Bauwesen unerl\u00e4sslich ist und nachhaltig Kosten senken kann. Wir begleiten unsere Projekte in allen Leistungsphasen. F\u00fcr jeden Aufgabenbereich stehen unsere Spezialisten zu Verf\u00fcgung. Bei uns macht nicht jeder alles. Unsere Teams sind spezialisiert auf: Dachaufbau, technische Ausr\u00fcstung, Hochbau, Industriebau und in Sanierungsma\u00dfnahmen.<\/p>\n<\/div><\/section><\/p><\/div><div class=\"flex_column av_one_half  flex_column_div av-zero-column-padding   \" style='border-radius:0px; '><div class='avia-image-container  av-styling-    avia-align-center '  itemprop=\"ImageObject\" itemscope=\"itemscope\" itemtype=\"https:\/\/schema.org\/ImageObject\"  ><div class='avia-image-container-inner'><img class='avia_image ' src='https:\/\/www.ozbud.com.pl\/wp-content\/uploads\/2018\/03\/ozbud-mieszkania-04.jpg' alt='' title='ozbud-mieszkania-04'   itemprop=\"thumbnailUrl\"  \/><\/div><\/div><\/div><\/p>\n<\/div><\/div><\/div><!-- close content main div --><\/div><\/div><div id='av_section_3' class='avia-section main_color avia-section-default avia-no-border-styling avia-bg-style-scroll   container_wrap fullsize' style = 'background-color: #efefef; '  ><div class='container' ><div class='template-page content  av-content-full alpha units'><div class='post-entry post-entry-type-page post-entry-670'><div class='entry-content-wrapper clearfix'>\n<div style='padding-bottom:15px;font-size:30px;' class='av-special-heading av-special-heading-h3  blockquote modern-quote modern-centered  av-thin-font av-inherit-size '><h3 class='av-special-heading-tag '  itemprop=\"headline\"  ><strong>Unsere ausgew\u00e4hlte Referenzobjekte<\/strong><\/h3><div class='special-heading-border'><div class='special-heading-inner-border' ><\/div><\/div><\/div>\n\n<div id='av-masonry-1' class='av-masonry  noHover av-fixed-size av-no-gap av-hover-overlay- av-masonry-col-5 av-caption-on-hover-hide av-caption-style-    ' style='background-color:#efefef; ' ><div class='av-masonry-container isotope av-js-disabled ' ><div class='av-masonry-entry isotope-item av-masonry-item-no-image '><\/div><a href=\"https:\/\/www.ozbud.com.pl\/index.php\/realizacje\/kamienica-wlodkowica\/\" id='av-masonry-1-item-1432' data-av-masonry-item='1432' class='av-masonry-entry isotope-item post-1432 portfolio type-portfolio status-publish has-post-thumbnail hentry portfolio_entries-budownictwo-mieszkaniowe portfolio_entries-obiekty-uzytecznosci-publicznej portfolio_entries-remonty-i-renowacje  av-masonry-item-with-image av-grid-img' title=\"Budynek Mieszkalno-Biurowy\"  itemscope=\"itemscope\" itemtype=\"https:\/\/schema.org\/CreativeWork\" ><div class='av-inner-masonry-sizer'><\/div><figure class='av-inner-masonry main_color'><div class=\"av-masonry-outerimage-container\"><div class=\"av-masonry-image-container\" style=\"background-image: url(https:\/\/www.ozbud.com.pl\/wp-content\/uploads\/2018\/05\/remont-hotel-w\u0142odkowica-1-705x528.jpg);\"><img decoding=\"async\" src=\"https:\/\/www.ozbud.com.pl\/wp-content\/uploads\/2018\/05\/remont-hotel-w\u0142odkowica-1-705x528.jpg\" title=\"remont-hotel-w\u0142odkowica (1)\" alt=\"\" \/><\/div><\/div><figcaption class='av-inner-masonry-content site-background'><div class='av-inner-masonry-content-pos'><div class='av-inner-masonry-content-pos-content'><div class='avia-arrow'><\/div><h3 class='av-masonry-entry-title entry-title'  itemprop=\"headline\" >Budynek Mieszkalno-Biurowy<\/h3><\/div><\/div><\/figcaption><\/figure><\/a><!--end av-masonry entry--><a href=\"https:\/\/www.ozbud.com.pl\/index.php\/realizacje\/gagarina-108-budynek-mieszkalny\/\" id='av-masonry-1-item-2028' data-av-masonry-item='2028' class='av-masonry-entry isotope-item post-2028 portfolio type-portfolio status-publish has-post-thumbnail hentry portfolio_entries-budownictwo-mieszkaniowe  av-masonry-item-with-image av-grid-img' title=\"Gagarina 108\"  itemscope=\"itemscope\" itemtype=\"https:\/\/schema.org\/CreativeWork\" ><div class='av-inner-masonry-sizer'><\/div><figure class='av-inner-masonry main_color'><div class=\"av-masonry-outerimage-container\"><div class=\"av-masonry-image-container\" style=\"background-image: url(https:\/\/www.ozbud.com.pl\/wp-content\/uploads\/2018\/11\/budownictwo-mieszkaniowe-gagarina-108-4-705x528.jpg);\"><img decoding=\"async\" src=\"https:\/\/www.ozbud.com.pl\/wp-content\/uploads\/2018\/11\/budownictwo-mieszkaniowe-gagarina-108-4-705x528.jpg\" title=\"kameralny-budynek-mieszkaniowy-gagarina108-6\" alt=\"kameralny-budynek-mieszkaniowy-gagarina108-6\" \/><\/div><\/div><figcaption class='av-inner-masonry-content site-background'><div class='av-inner-masonry-content-pos'><div class='av-inner-masonry-content-pos-content'><div class='avia-arrow'><\/div><h3 class='av-masonry-entry-title entry-title'  itemprop=\"headline\" >Gagarina 108<\/h3><\/div><\/div><\/figcaption><\/figure><\/a><!--end av-masonry entry--><a href=\"https:\/\/www.ozbud.com.pl\/index.php\/realizacje\/osiedle-w-obornikach-slaskich\/\" id='av-masonry-1-item-525' data-av-masonry-item='525' class='av-masonry-entry isotope-item post-525 portfolio type-portfolio status-publish has-post-thumbnail hentry portfolio_entries-budownictwo-mieszkaniowe  av-masonry-item-with-image av-grid-img' title=\"Osiedle w Obornikach \u015al\u0105skich\"  itemscope=\"itemscope\" itemtype=\"https:\/\/schema.org\/CreativeWork\" ><div class='av-inner-masonry-sizer'><\/div><figure class='av-inner-masonry main_color'><div class=\"av-masonry-outerimage-container\"><div class=\"av-masonry-image-container\" style=\"background-image: url(https:\/\/www.ozbud.com.pl\/wp-content\/uploads\/2018\/03\/ozbud-oborniki-1-705x470.jpg);\"><img decoding=\"async\" src=\"https:\/\/www.ozbud.com.pl\/wp-content\/uploads\/2018\/03\/ozbud-oborniki-1-705x470.jpg\" title=\"ozbud-oborniki (1)\" alt=\"\" \/><\/div><\/div><figcaption class='av-inner-masonry-content site-background'><div class='av-inner-masonry-content-pos'><div class='av-inner-masonry-content-pos-content'><div class='avia-arrow'><\/div><h3 class='av-masonry-entry-title entry-title'  itemprop=\"headline\" >Osiedle w Obornikach \u015al\u0105skich<\/h3><\/div><\/div><\/figcaption><\/figure><\/a><!--end av-masonry entry--><a href=\"https:\/\/www.ozbud.com.pl\/index.php\/realizacje\/remont-kamienicy-szczytnicka\/\" id='av-masonry-1-item-1140' data-av-masonry-item='1140' class='av-masonry-entry isotope-item post-1140 portfolio type-portfolio status-publish has-post-thumbnail hentry portfolio_entries-budownictwo-mieszkaniowe portfolio_entries-obiekty-uzytecznosci-publicznej portfolio_entries-remonty-i-renowacje  av-masonry-item-with-image av-grid-img' title=\"Remont Kamienicy ul. Szczytnicka\"  itemscope=\"itemscope\" itemtype=\"https:\/\/schema.org\/CreativeWork\" ><div class='av-inner-masonry-sizer'><\/div><figure class='av-inner-masonry main_color'><div class=\"av-masonry-outerimage-container\"><div class=\"av-masonry-image-container\" style=\"background-image: url(https:\/\/www.ozbud.com.pl\/wp-content\/uploads\/2018\/03\/SZCZYTNICKA_1.jpg);\"><img decoding=\"async\" src=\"https:\/\/www.ozbud.com.pl\/wp-content\/uploads\/2018\/03\/SZCZYTNICKA_1.jpg\" title=\"SZCZYTNICKA_1\" alt=\"\" \/><\/div><\/div><figcaption class='av-inner-masonry-content site-background'><div class='av-inner-masonry-content-pos'><div class='av-inner-masonry-content-pos-content'><div class='avia-arrow'><\/div><h3 class='av-masonry-entry-title entry-title'  itemprop=\"headline\" >Remont Kamienicy ul. Szczytnicka<\/h3><\/div><\/div><\/figcaption><\/figure><\/a><!--end av-masonry entry--><a href=\"https:\/\/www.ozbud.com.pl\/index.php\/realizacje\/remont-kamienicy-traugutta\/\" id='av-masonry-1-item-1132' data-av-masonry-item='1132' class='av-masonry-entry isotope-item post-1132 portfolio type-portfolio status-publish has-post-thumbnail hentry portfolio_entries-budownictwo-mieszkaniowe portfolio_entries-remonty-i-renowacje  av-masonry-item-with-image av-grid-img' title=\"Remont Kamienicy ul. Traugutta\"  itemscope=\"itemscope\" itemtype=\"https:\/\/schema.org\/CreativeWork\" ><div class='av-inner-masonry-sizer'><\/div><figure class='av-inner-masonry main_color'><div class=\"av-masonry-outerimage-container\"><div class=\"av-masonry-image-container\" style=\"background-image: url(https:\/\/www.ozbud.com.pl\/wp-content\/uploads\/2018\/03\/TRAUGUTTA_1.jpg);\"><img decoding=\"async\" src=\"https:\/\/www.ozbud.com.pl\/wp-content\/uploads\/2018\/03\/TRAUGUTTA_1.jpg\" title=\"TRAUGUTTA_1\" alt=\"\" \/><\/div><\/div><figcaption class='av-inner-masonry-content site-background'><div class='av-inner-masonry-content-pos'><div class='av-inner-masonry-content-pos-content'><div class='avia-arrow'><\/div><h3 class='av-masonry-entry-title entry-title'  itemprop=\"headline\" >Remont Kamienicy ul. Traugutta<\/h3><\/div><\/div><\/figcaption><\/figure><\/a><!--end av-masonry entry--><\/div><\/div>\n<\/div><\/div><\/div><!-- close content main div --><\/div><\/div><div id='av-layout-grid-1' class='av-layout-grid-container entry-content-wrapper main_color av-flex-cells    container_wrap fullsize'   >\n<div class=\"flex_cell no_margin av_one_half   avia-full-stretch \" style='height:400px; min-height:400px;background-image:url(https:\/\/www.ozbud.com.pl\/wp-content\/uploads\/2018\/03\/ozbud-remonty-03.jpg); background-position:center center; background-repeat:no-repeat; background-attachment:scroll; vertical-align:top; padding:90px; '><div class='flex_cell_inner' ><p><div style='padding-bottom:20px;color:#ffffff;font-size:30px;' class='av-special-heading av-special-heading-h3 custom-color-heading blockquote modern-quote   av-inherit-size '><h3 class='av-special-heading-tag '  itemprop=\"headline\"  >Sanierungsma\u00dfnahmen<\/h3><div class='special-heading-border'><div class='special-heading-inner-border' style='border-color:#ffffff'><\/div><\/div><\/div><br \/>\n<section class=\"av_textblock_section \"  itemscope=\"itemscope\" itemtype=\"https:\/\/schema.org\/CreativeWork\" ><div class='avia_textblock  av_inherit_color '  style='color:#ffffff; '  itemprop=\"text\" ><p>Sanierungsma\u00dfnahmen und Umbauten sind besonders ansprechende T\u00e4tigkeitsfelder im Bauwesen. Daf\u00fcr ist ein H\u00f6chstma\u00df von Antizipation und Vorstellungsverm\u00f6gen erforderlich.<\/p>\n<\/div><\/section><br \/>\n<div style='height:20px' class='hr hr-invisible  '><span class='hr-inner ' ><span class='hr-inner-style'><\/span><\/span><\/div><br \/>\n<div class='avia-button-wrap avia-button-left '><a href='https:\/\/www.ozbud.com.pl\/index.php\/remonty\/' class='avia-button   avia-icon_select-no avia-color-light avia-size-medium avia-position-left '   ><span class='avia_iconbox_title' >Mehr erfahren<\/span><\/a><\/div><\/p>\n<\/div><\/div><div class=\"flex_cell no_margin av_one_half   avia-full-stretch \" style='height:400px; min-height:400px;background-image:url(https:\/\/www.ozbud.com.pl\/wp-content\/uploads\/2018\/03\/ozbud-przemysl-03.jpg); background-position:center center; background-repeat:no-repeat; background-attachment:scroll; vertical-align:top; padding:90px; '><div class='flex_cell_inner' ><p><div style='padding-bottom:20px;color:#ffffff;font-size:30px;' class='av-special-heading av-special-heading-h3 custom-color-heading blockquote modern-quote   av-inherit-size '><h3 class='av-special-heading-tag '  itemprop=\"headline\"  >Industriebau<\/h3><div class='special-heading-border'><div class='special-heading-inner-border' style='border-color:#ffffff'><\/div><\/div><\/div><br \/>\n<section class=\"av_textblock_section \"  itemscope=\"itemscope\" itemtype=\"https:\/\/schema.org\/CreativeWork\" ><div class='avia_textblock  av_inherit_color '  style='color:#ffffff; '  itemprop=\"text\" ><p>Der Bau von Industriegeb\u00e4uden stellt eine gro\u00dfe Herausforderung dar. Bei der Entwicklung von Anlagen ist ein H\u00f6chstma\u00df an Erfahrung erforderlich. Noch wichtiger ist ein starkes Lieferantennetzwerk.<\/p>\n<\/div><\/section><br \/>\n<div style='height:20px' class='hr hr-invisible  '><span class='hr-inner ' ><span class='hr-inner-style'><\/span><\/span><\/div><br \/>\n<div class='avia-button-wrap avia-button-left '><a href='https:\/\/www.ozbud.com.pl\/index.php\/budownictwo-przemyslowe\/' class='avia-button   avia-icon_select-no avia-color-light avia-size-medium avia-position-left '   ><span class='avia_iconbox_title' >Mehr erfahren<\/span><\/a><\/div><\/p>\n<\/div><\/div><\/div><\/div><\/div><\/div><!-- close content main div --><\/div><\/div><div id='av_section_4' class='avia-section main_color avia-section-default avia-no-border-styling avia-bg-style-scroll   container_wrap fullsize' style = 'background-color: #00345b; '  ><div class='container' ><div class='template-page content  av-content-full alpha units'><div class='post-entry post-entry-type-page post-entry-670'><div class='entry-content-wrapper clearfix'>\n<div style='padding-bottom:30px;color:#ffffff;font-size:30px;' class='av-special-heading av-special-heading-h3 custom-color-heading blockquote modern-quote modern-centered  av-thin-font av-inherit-size '><h3 class='av-special-heading-tag '  itemprop=\"headline\"  ><strong>Haben wir ihre Interesse geweckt? Sie k\u00f6nnen mehr \u00fcber uns erfahren.<\/strong><\/h3><div class='special-heading-border'><div class='special-heading-inner-border' style='border-color:#ffffff'><\/div><\/div><\/div>\n<div class='avia-button-wrap avia-button-center '><a href='https:\/\/www.ozbud.com.pl\/index.php\/o-nas\/' class='avia-button   avia-icon_select-no avia-color-custom avia-size-large avia-position-center '  style='background-color:#ab2521; border-color:#ab2521; color:#ffffff; ' ><span class='avia_iconbox_title' >MEHR ERFAHREN<\/span><\/a><\/div>\n<\/p>\n<div style='height:100px' class='hr hr-invisible  '><span class='hr-inner ' ><span class='hr-inner-style'><\/span><\/span><\/div>\n<\/div><\/div><\/div><!-- close content main div --><\/div><\/div><div id='av_section_5' class='avia-section main_color avia-section-default avia-no-border-styling avia-full-stretch avia-bg-style-scroll   av-minimum-height av-minimum-height-custom container_wrap fullsize' style = 'background-repeat: no-repeat; background-image: url(https:\/\/www.ozbud.com.pl\/wp-content\/uploads\/2018\/02\/ozbud-footer-04.png); background-attachment: scroll; background-position: bottom center; ' data-section-bg-repeat='stretch' ><div class='container' style='height:530px'><div class='template-page content  av-content-full alpha units'><div class='post-entry post-entry-type-page post-entry-670'><div class='entry-content-wrapper clearfix'>\n","protected":false},"excerpt":{"rendered":"","protected":false},"author":1,"featured_media":0,"parent":0,"menu_order":0,"comment_status":"closed","ping_status":"closed","template":"","meta":{"footnotes":""},"yst_prominent_words":[],"class_list":["post-670","page","type-page","status-publish","hentry"],"_links":{"self":[{"href":"https:\/\/www.ozbud.com.pl\/index.php\/wp-json\/wp\/v2\/pages\/670","targetHints":{"allow":["GET"]}}],"collection":[{"href":"https:\/\/www.ozbud.com.pl\/index.php\/wp-json\/wp\/v2\/pages"}],"about":[{"href":"https:\/\/www.ozbud.com.pl\/index.php\/wp-json\/wp\/v2\/types\/page"}],"author":[{"embeddable":true,"href":"https:\/\/www.ozbud.com.pl\/index.php\/wp-json\/wp\/v2\/users\/1"}],"replies":[{"embeddable":true,"href":"https:\/\/www.ozbud.com.pl\/index.php\/wp-json\/wp\/v2\/comments?post=670"}],"version-history":[{"count":6,"href":"https:\/\/www.ozbud.com.pl\/index.php\/wp-json\/wp\/v2\/pages\/670\/revisions"}],"predecessor-version":[{"id":1460,"href":"https:\/\/www.ozbud.com.pl\/index.php\/wp-json\/wp\/v2\/pages\/670\/revisions\/1460"}],"wp:attachment":[{"href":"https:\/\/www.ozbud.com.pl\/index.php\/wp-json\/wp\/v2\/media?parent=670"}],"wp:term":[{"taxonomy":"yst_prominent_words","embeddable":true,"href":"https:\/\/www.ozbud.com.pl\/index.php\/wp-json\/wp\/v2\/yst_prominent_words?post=670"}],"curies":[{"name":"wp","href":"https:\/\/api.w.org\/{rel}","templated":true}]}}