{"id":667,"date":"2018-03-14T18:50:54","date_gmt":"2018-03-14T17:50:54","guid":{"rendered":"http:\/\/www.ozbud.com.pl\/?page_id=667"},"modified":"2018-05-28T10:43:51","modified_gmt":"2018-05-28T08:43:51","slug":"industrie","status":"publish","type":"page","link":"https:\/\/www.ozbud.com.pl\/index.php\/de\/industrie\/","title":{"rendered":"Industrie"},"content":{"rendered":"<\/div><\/div><\/div><!-- close content main div --><\/div><\/div><div id='av_section_1' class='avia-section main_color avia-section-large avia-no-border-styling avia-full-stretch av-section-color-overlay-active avia-bg-style-scroll   container_wrap fullsize' style = 'background-repeat: no-repeat; background-image: url(https:\/\/www.ozbud.com.pl\/wp-content\/uploads\/2018\/05\/hala-przemys\u0142owa-W7-IMG_2359-2.jpg); background-attachment: scroll; background-position: center center; ' data-section-bg-repeat='stretch' ><div class='av-section-color-overlay-wrap'><div class='av-section-color-overlay' style='opacity: 0.5; background-color: #00345b; '><\/div><div class='container' ><div class='template-page content  av-content-full alpha units'><div class='post-entry post-entry-type-page post-entry-667'><div class='entry-content-wrapper clearfix'>\n<div style='padding-bottom:0px;color:#ffffff;font-size:30px;' class='av-special-heading av-special-heading-h3 custom-color-heading blockquote modern-quote modern-centered  av-thin-font av-inherit-size '><h3 class='av-special-heading-tag '  itemprop=\"headline\"  ><strong>T\u00c4TIGKEITSFELDER<\/strong><\/h3><div class='special-heading-border'><div class='special-heading-inner-border' style='border-color:#ffffff'><\/div><\/div><\/div>\n\n<\/div><\/div><\/div><!-- close content main div --><\/div><\/div><\/div><div id='av_section_2' class='avia-section main_color avia-section-default avia-no-border-styling avia-bg-style-scroll   container_wrap fullsize' style = 'background-color: #efefef; '  ><div class='container' ><div class='template-page content  av-content-full alpha units'><div class='post-entry post-entry-type-page post-entry-667'><div class='entry-content-wrapper clearfix'>\n<div style='padding-bottom:15px;font-size:30px;' class='av-special-heading av-special-heading-h3  blockquote modern-quote modern-centered   av-thin-font av-inherit-size '><h3 class='av-special-heading-tag '  itemprop=\"headline\"  ><strong>Industriegeb\u00e4ude<\/strong><\/h3><div class='special-heading-border'><div class='special-heading-inner-border' ><\/div><\/div><\/div>\n<div class=\"flex_column av_one_fifth  flex_column_div av-zero-column-padding first  \" style='border-radius:0px; '><\/div><div class=\"flex_column av_three_fifth  flex_column_div av-zero-column-padding   \" style='border-radius:0px; '><section class=\"av_textblock_section \"  itemscope=\"itemscope\" itemtype=\"https:\/\/schema.org\/CreativeWork\" ><div class='avia_textblock  '   itemprop=\"text\" ><p style=\"text-align: center;\">Bau der Industriegeb\u00e4ude ist eine gro\u00dfe Herausforderung. Bei Entwicklung von spezialisierten Anlagen ist ein h\u00f6chstes Ma\u00df an Erfahrung erforderlich. Noch wichtiger ist ein starkes Lieferantennetzwerk.<\/p>\n<\/div><\/section><\/div><div class=\"flex_column av_one_fifth  flex_column_div av-zero-column-padding   \" style='border-radius:0px; '><\/div>\n\n<div class=\"flex_column av_one_half  flex_column_div av-zero-column-padding first  \" style='border-radius:0px; '><section class=\"av_textblock_section \"  itemscope=\"itemscope\" itemtype=\"https:\/\/schema.org\/CreativeWork\" ><div class='avia_textblock  '   itemprop=\"text\" ><h3 style=\"text-align: left;\"><strong>Industriegeb\u00e4ude &#8211; Zusammen mit Astron<\/strong><\/h3>\n<p style=\"text-align: left;\">Industriebau ist eine Aufgabe welche Experten mit einem mehrj\u00e4hrigen Erfahrungsschatz erfordert. Unsere Abteilung f\u00fcr Industriebau verf\u00fcgt die erforderlichen Qualifikationen und Schulungen. Wir arbeiten mit internationalen und lokalen Dienstleistern und Lieferanten zusammen und sorgen immer f\u00fcr beste Qualit\u00e4t und schnellstm\u00f6gliche Fertigstellung der Geb\u00e4ude.<\/p>\n<p style=\"text-align: left;\">Wir sind ein autorisierter Partner der Firma Astron. Ein Unternehmen welches nachhaltige, ma\u00dfgeschneiderte Stahlgeb\u00e4udel\u00f6sungen von hoher Qualit\u00e4t anbietet. Kurze Lieferzeiten und angemessene Preise sind dabei eine Selbstverst\u00e4ndlichkeit. Wir bauen Produktionshallen, Lagerhallen, B\u00fcro- und Industriegeb\u00e4ude, Sporthallen oder Parkh\u00e4user in Niederschlesien und Umgebung.<\/p>\n<\/div><\/section><br \/>\n<div class='avia-image-container  av-styling-    avia-align-center '  itemprop=\"ImageObject\" itemscope=\"itemscope\" itemtype=\"https:\/\/schema.org\/ImageObject\"  ><div class='avia-image-container-inner'><img class='avia_image ' src='https:\/\/www.ozbud.com.pl\/wp-content\/uploads\/2018\/02\/ozbud-renowacja-park-technologiczny-5-1030x473.jpg' alt='' title='ozbud-renowacja-park-technologiczny (5)'   itemprop=\"thumbnailUrl\"  \/><\/div><\/div><\/p><\/div>\n<div class=\"flex_column av_one_half  flex_column_div av-zero-column-padding   \" style='border-radius:0px; '><section class=\"av_textblock_section \"  itemscope=\"itemscope\" itemtype=\"https:\/\/schema.org\/CreativeWork\" ><div class='avia_textblock  '   itemprop=\"text\" ><h3 style=\"text-align: left;\"><strong>Astron &#8211;\u00a0\u00dcber 50 Jahre Erfahrung<\/strong><\/h3>\n<p>Seit \u00fcber 50 Jahren \u00fcberzeugt Astron durch hochqualitative, vorgefertigte Stahlhallen und Industriegeb\u00e4ude. Auf diese Weise sind schon mehr als 50.000 Geb\u00e4ude entstanden \u2013 aus einer Hand und auf Wunsch schl\u00fcsselfertig. Dies wird durch ein Netzwerk von \u00fcber 300 autorisierten Baupartnern erm\u00f6glicht.<\/p>\n<p>Astron produziert s\u00e4mtliche Geb\u00e4udeteile nach QMS-Standard. Die hohe Qualit\u00e4t wird durch Bureau Veritas regelm\u00e4\u00dfig \u00fcberpr\u00fcft und gem\u00e4\u00df ISO 9001 zertifiziert. Alle Astron-Hallenbauprodukte entsprechen den Standards der EN1090-2 und sind mit dem CE-Siegel gekennzeichnet.<\/p>\n<p style=\"text-align: left;\">Astron ist europ\u00e4ischer Marktf\u00fchrer im Industrie- und Hallenbau. Unter Verwendung standardisierter Elemente wird jedes Geb\u00e4ude entsprechend der Anforderungen an die Geb\u00e4udenutzung individuell optimiert. Bei Bedarf werden konstruktive Speziall\u00f6sungen erg\u00e4nzt.<\/p>\n<p><a href=\"https:\/\/www.astron.biz\/pl\/\" target=\"_blank\" rel=\"noopener\">www.astron.biz<\/a><\/p>\n<\/div><\/section><\/div>\n<div class=\"flex_column av_one_full  flex_column_div first  \" style='padding:30px; background-color:#00345b; border-radius:0px; '><section class=\"av_textblock_section \"  itemscope=\"itemscope\" itemtype=\"https:\/\/schema.org\/CreativeWork\" ><div class='avia_textblock  av_inherit_color '  style='font-size:20px; color:#ffffff; '  itemprop=\"text\" ><p style=\"text-align: center;\"><strong>M\u00f6chten Sie ein Angebot?<br \/>\nGeben Sie uns ein paar Infos zu Ihrem geplanten Geb\u00e4ude und Sie erhalten umgehend von uns ein kostenloses Angebot.\u00a0<\/strong><\/p>\n<\/div><\/section><br \/>\n<div style='height:15px' class='hr hr-invisible  '><span class='hr-inner ' ><span class='hr-inner-style'><\/span><\/span><\/div><br \/>\n<div class='avia-button-wrap avia-button-center '><a href='https:\/\/www.ozbud.com.pl\/index.php\/de\/kontakt-de\/' class='avia-button av-icon-on-hover  avia-icon_select-yes-left-icon avia-color-red avia-size-large avia-position-center '   ><span class='avia_button_icon avia_button_icon_left ' aria-hidden='true' data-av_icon='\ue805' data-av_iconfont='entypo-fontello'><\/span><span class='avia_iconbox_title' >KONTAKT<\/span><\/a><\/div><\/p><\/div>\n<\/div><\/div><\/div><!-- close content main div --><\/div><\/div><div id='av_section_3' class='avia-section main_color avia-section-default avia-no-border-styling avia-bg-style-scroll   container_wrap fullsize' style = 'background-color: #efefef; '  ><div class='container' ><div class='template-page content  av-content-full alpha units'><div class='post-entry post-entry-type-page post-entry-667'><div class='entry-content-wrapper clearfix'>\n<div style='padding-bottom:15px;font-size:30px;' class='av-special-heading av-special-heading-h3  blockquote modern-quote modern-centered  av-thin-font av-inherit-size '><h3 class='av-special-heading-tag '  itemprop=\"headline\"  ><strong>Ausgew\u00e4hlte Referenzobjekte:<\/strong><\/h3><div class='special-heading-border'><div class='special-heading-inner-border' ><\/div><\/div><\/div>\n\n<div id='av-masonry-1' class='av-masonry  noHover av-fixed-size av-no-gap av-hover-overlay- av-masonry-col-5 av-caption-on-hover-hide av-caption-style-    ' style='background-color:#efefef; ' ><div class='av-masonry-container isotope av-js-disabled ' ><div class='av-masonry-entry isotope-item av-masonry-item-no-image '><\/div><a href=\"https:\/\/www.ozbud.com.pl\/index.php\/de\/realizacje\/hala-sportowa-dziadowa-kloda-de\/\" id='av-masonry-1-item-1592' data-av-masonry-item='1592' class='av-masonry-entry isotope-item post-1592 portfolio type-portfolio status-publish has-post-thumbnail hentry portfolio_entries-oeffentliche-gebaeude  av-masonry-item-with-image av-grid-img' title=\"Hala Sportowa w Dziadowej K\u0142odzie\"  itemscope=\"itemscope\" itemtype=\"https:\/\/schema.org\/CreativeWork\" ><div class='av-inner-masonry-sizer'><\/div><figure class='av-inner-masonry main_color'><div class=\"av-masonry-outerimage-container\"><div class=\"av-masonry-image-container\" style=\"background-image: url(https:\/\/www.ozbud.com.pl\/wp-content\/uploads\/2018\/03\/DSC08394-705x471.jpg);\"><img decoding=\"async\" src=\"https:\/\/www.ozbud.com.pl\/wp-content\/uploads\/2018\/03\/DSC08394-705x471.jpg\" title=\"SONY DSC\" alt=\"\" \/><\/div><\/div><figcaption class='av-inner-masonry-content site-background'><div class='av-inner-masonry-content-pos'><div class='av-inner-masonry-content-pos-content'><div class='avia-arrow'><\/div><h3 class='av-masonry-entry-title entry-title'  itemprop=\"headline\" >Hala Sportowa w Dziadowej K\u0142odzie<\/h3><\/div><\/div><\/figcaption><\/figure><\/a><!--end av-masonry entry--><a href=\"https:\/\/www.ozbud.com.pl\/index.php\/de\/realizacje\/remont-awf-de\/\" id='av-masonry-1-item-1615' data-av-masonry-item='1615' class='av-masonry-entry isotope-item post-1615 portfolio type-portfolio status-publish has-post-thumbnail hentry portfolio_entries-modernisierungen-und-renovierungen portfolio_entries-oeffentliche-gebaeude  av-masonry-item-with-image av-grid-img' title=\"Remont Budynku dla AWF\"  itemscope=\"itemscope\" itemtype=\"https:\/\/schema.org\/CreativeWork\" ><div class='av-inner-masonry-sizer'><\/div><figure class='av-inner-masonry main_color'><div class=\"av-masonry-outerimage-container\"><div class=\"av-masonry-image-container\" style=\"background-image: url(https:\/\/www.ozbud.com.pl\/wp-content\/uploads\/2018\/03\/AWF_1.jpg);\"><img decoding=\"async\" src=\"https:\/\/www.ozbud.com.pl\/wp-content\/uploads\/2018\/03\/AWF_1.jpg\" title=\"AWF_1\" alt=\"\" \/><\/div><\/div><figcaption class='av-inner-masonry-content site-background'><div class='av-inner-masonry-content-pos'><div class='av-inner-masonry-content-pos-content'><div class='avia-arrow'><\/div><h3 class='av-masonry-entry-title entry-title'  itemprop=\"headline\" >Remont Budynku dla AWF<\/h3><\/div><\/div><\/figcaption><\/figure><\/a><!--end av-masonry entry--><a href=\"https:\/\/www.ozbud.com.pl\/index.php\/de\/realizacje\/gospoda-8-ryb-de\/\" id='av-masonry-1-item-1578' data-av-masonry-item='1578' class='av-masonry-entry isotope-item post-1578 portfolio type-portfolio status-publish has-post-thumbnail hentry portfolio_entries-oeffentliche-gebaeude  av-masonry-item-with-image av-grid-img' title=\"Gospoda \u201c8 ryb\u201d\"  itemscope=\"itemscope\" itemtype=\"https:\/\/schema.org\/CreativeWork\" ><div class='av-inner-masonry-sizer'><\/div><figure class='av-inner-masonry main_color'><div class=\"av-masonry-outerimage-container\"><div class=\"av-masonry-image-container\" style=\"background-image: url(https:\/\/www.ozbud.com.pl\/wp-content\/uploads\/2018\/03\/8-ryb-01-705x470.jpg);\"><img decoding=\"async\" src=\"https:\/\/www.ozbud.com.pl\/wp-content\/uploads\/2018\/03\/8-ryb-01-705x470.jpg\" title=\"8-ryb-01\" alt=\"\" \/><\/div><\/div><figcaption class='av-inner-masonry-content site-background'><div class='av-inner-masonry-content-pos'><div class='av-inner-masonry-content-pos-content'><div class='avia-arrow'><\/div><h3 class='av-masonry-entry-title entry-title'  itemprop=\"headline\" >Gospoda \u201c8 ryb\u201d<\/h3><\/div><\/div><\/figcaption><\/figure><\/a><!--end av-masonry entry--><a href=\"https:\/\/www.ozbud.com.pl\/index.php\/de\/realizacje\/hala-sportowa-swistackiego-de\/\" id='av-masonry-1-item-1599' data-av-masonry-item='1599' class='av-masonry-entry isotope-item post-1599 portfolio type-portfolio status-publish has-post-thumbnail hentry portfolio_entries-oeffentliche-gebaeude  av-masonry-item-with-image av-grid-img' title=\"Budowa Hali Sportowej we Wroc\u0142awiu\"  itemscope=\"itemscope\" itemtype=\"https:\/\/schema.org\/CreativeWork\" ><div class='av-inner-masonry-sizer'><\/div><figure class='av-inner-masonry main_color'><div class=\"av-masonry-outerimage-container\"><div class=\"av-masonry-image-container\" style=\"background-image: url(https:\/\/www.ozbud.com.pl\/wp-content\/uploads\/2018\/03\/SALA_SWISTACJKIEGO_6-1.jpg);\"><img decoding=\"async\" src=\"https:\/\/www.ozbud.com.pl\/wp-content\/uploads\/2018\/03\/SALA_SWISTACJKIEGO_6-1.jpg\" title=\"SALA_SWISTACJKIEGO_6\" alt=\"\" \/><\/div><\/div><figcaption class='av-inner-masonry-content site-background'><div class='av-inner-masonry-content-pos'><div class='av-inner-masonry-content-pos-content'><div class='avia-arrow'><\/div><h3 class='av-masonry-entry-title entry-title'  itemprop=\"headline\" >Budowa Hali Sportowej we Wroc\u0142awiu<\/h3><\/div><\/div><\/figcaption><\/figure><\/a><!--end av-masonry entry--><a href=\"https:\/\/www.ozbud.com.pl\/index.php\/de\/realizacje\/komenda-policji-rydygiera-de\/\" id='av-masonry-1-item-1590' data-av-masonry-item='1590' class='av-masonry-entry isotope-item post-1590 portfolio type-portfolio status-publish has-post-thumbnail hentry portfolio_entries-modernisierungen-und-renovierungen portfolio_entries-oeffentliche-gebaeude  av-masonry-item-with-image av-grid-img' title=\"Remont Komendy Wojew\u00f3dzkiej Policji przy ul. Rydygiera\"  itemscope=\"itemscope\" itemtype=\"https:\/\/schema.org\/CreativeWork\" ><div class='av-inner-masonry-sizer'><\/div><figure class='av-inner-masonry main_color'><div class=\"av-masonry-outerimage-container\"><div class=\"av-masonry-image-container\" style=\"background-image: url(https:\/\/www.ozbud.com.pl\/wp-content\/uploads\/2018\/03\/2a-705x461.jpeg);\"><img decoding=\"async\" src=\"https:\/\/www.ozbud.com.pl\/wp-content\/uploads\/2018\/03\/2a-705x461.jpeg\" title=\"2a\" alt=\"\" \/><\/div><\/div><figcaption class='av-inner-masonry-content site-background'><div class='av-inner-masonry-content-pos'><div class='av-inner-masonry-content-pos-content'><div class='avia-arrow'><\/div><h3 class='av-masonry-entry-title entry-title'  itemprop=\"headline\" >Remont Komendy Wojew\u00f3dzkiej Policji przy ul. Rydygiera<\/h3><\/div><\/div><\/figcaption><\/figure><\/a><!--end av-masonry entry--><\/div><\/div>\n<\/div><\/div><\/div><!-- close content main div --><\/div><\/div><div id='av-layout-grid-1' class='av-layout-grid-container entry-content-wrapper main_color av-flex-cells    container_wrap fullsize'   >\n<div class=\"flex_cell no_margin av_one_half   avia-full-stretch \" style='height:400px; min-height:400px;background-image:url(https:\/\/www.ozbud.com.pl\/wp-content\/uploads\/2018\/03\/ozbud-mieszkania-03.jpg); background-position:bottom center; background-repeat:no-repeat; background-attachment:scroll; vertical-align:top; padding:90px; '><div class='flex_cell_inner' ><p><div style='padding-bottom:20px;color:#ffffff;font-size:30px;' class='av-special-heading av-special-heading-h3 custom-color-heading blockquote modern-quote   av-inherit-size '><h3 class='av-special-heading-tag '  itemprop=\"headline\"  >Wohnanlagen<\/h3><div class='special-heading-border'><div class='special-heading-inner-border' style='border-color:#ffffff'><\/div><\/div><\/div><br \/>\n<section class=\"av_textblock_section \"  itemscope=\"itemscope\" itemtype=\"https:\/\/schema.org\/CreativeWork\" ><div class='avia_textblock  av_inherit_color '  style='color:#ffffff; '  itemprop=\"text\" ><p>F\u00fcr einen erfolgreichen Ausbau von Wohnanlagen richten wir unseren Fokus auf die Bed\u00fcrfnisse unserer Endkunden, sprich die zuk\u00fcnftigen Bewohner.<\/p>\n<\/div><\/section><br \/>\n<div style='height:20px' class='hr hr-invisible  '><span class='hr-inner ' ><span class='hr-inner-style'><\/span><\/span><\/div><br \/>\n<div class='avia-button-wrap avia-button-left '><a href='https:\/\/www.ozbud.com.pl\/index.php\/de\/wohnungsbau\/' class='avia-button   avia-icon_select-no avia-color-light avia-size-medium avia-position-left '   ><span class='avia_iconbox_title' >Mehr erfahren<\/span><\/a><\/div><\/p>\n<\/div><\/div><div class=\"flex_cell no_margin av_one_half   avia-full-stretch \" style='height:400px; min-height:400px;background-image:url(https:\/\/www.ozbud.com.pl\/wp-content\/uploads\/2018\/03\/ozbud-remonty-03.jpg); background-position:center center; background-repeat:no-repeat; background-attachment:scroll; vertical-align:top; padding:90px; '><div class='flex_cell_inner' ><p><div style='padding-bottom:20px;color:#ffffff;font-size:30px;' class='av-special-heading av-special-heading-h3 custom-color-heading blockquote modern-quote   av-inherit-size '><h3 class='av-special-heading-tag '  itemprop=\"headline\"  >Sanierungen<\/h3><div class='special-heading-border'><div class='special-heading-inner-border' style='border-color:#ffffff'><\/div><\/div><\/div><br \/>\n<section class=\"av_textblock_section \"  itemscope=\"itemscope\" itemtype=\"https:\/\/schema.org\/CreativeWork\" ><div class='avia_textblock  av_inherit_color '  style='color:#ffffff; '  itemprop=\"text\" ><p>Sanierungsma\u00dfnahmen und Umbauten sind besonders ansprechende T\u00e4tigkeitsfelder im Bauwesen. Daf\u00fcr ist ein H\u00f6chstma\u00df von Antizipation und Vorstellungsverm\u00f6gen erforderlich.<\/p>\n<\/div><\/section><br \/>\n<div style='height:20px' class='hr hr-invisible  '><span class='hr-inner ' ><span class='hr-inner-style'><\/span><\/span><\/div><br \/>\n<div class='avia-button-wrap avia-button-left '><a href='https:\/\/www.ozbud.com.pl\/index.php\/de\/modernisierungen-und-renovierungen\/' class='avia-button   avia-icon_select-no avia-color-light avia-size-medium avia-position-left '   ><span class='avia_iconbox_title' >Mehr erfahren<\/span><\/a><\/div><\/p>\n<\/div><\/div>\n<\/div>\n<div style='height:100px' class='hr hr-invisible  '><span class='hr-inner ' ><span class='hr-inner-style'><\/span><\/span><\/div>\n<\/div><\/div><\/div><!-- close content main div --><\/div><\/div><div id='av_section_4' class='avia-section main_color avia-section-default avia-no-border-styling avia-full-stretch avia-bg-style-scroll   av-minimum-height av-minimum-height-custom container_wrap fullsize' style = 'background-repeat: no-repeat; background-image: url(https:\/\/www.ozbud.com.pl\/wp-content\/uploads\/2018\/02\/ozbud-footer-04.png); background-attachment: scroll; background-position: bottom center; ' data-section-bg-repeat='stretch' ><div class='container' style='height:530px'><div class='template-page content  av-content-full alpha units'><div class='post-entry post-entry-type-page post-entry-667'><div class='entry-content-wrapper clearfix'>\n","protected":false},"excerpt":{"rendered":"","protected":false},"author":1,"featured_media":0,"parent":0,"menu_order":0,"comment_status":"closed","ping_status":"closed","template":"","meta":{"footnotes":""},"yst_prominent_words":[],"class_list":["post-667","page","type-page","status-publish","hentry"],"_links":{"self":[{"href":"https:\/\/www.ozbud.com.pl\/index.php\/wp-json\/wp\/v2\/pages\/667","targetHints":{"allow":["GET"]}}],"collection":[{"href":"https:\/\/www.ozbud.com.pl\/index.php\/wp-json\/wp\/v2\/pages"}],"about":[{"href":"https:\/\/www.ozbud.com.pl\/index.php\/wp-json\/wp\/v2\/types\/page"}],"author":[{"embeddable":true,"href":"https:\/\/www.ozbud.com.pl\/index.php\/wp-json\/wp\/v2\/users\/1"}],"replies":[{"embeddable":true,"href":"https:\/\/www.ozbud.com.pl\/index.php\/wp-json\/wp\/v2\/comments?post=667"}],"version-history":[{"count":12,"href":"https:\/\/www.ozbud.com.pl\/index.php\/wp-json\/wp\/v2\/pages\/667\/revisions"}],"predecessor-version":[{"id":1808,"href":"https:\/\/www.ozbud.com.pl\/index.php\/wp-json\/wp\/v2\/pages\/667\/revisions\/1808"}],"wp:attachment":[{"href":"https:\/\/www.ozbud.com.pl\/index.php\/wp-json\/wp\/v2\/media?parent=667"}],"wp:term":[{"taxonomy":"yst_prominent_words","embeddable":true,"href":"https:\/\/www.ozbud.com.pl\/index.php\/wp-json\/wp\/v2\/yst_prominent_words?post=667"}],"curies":[{"name":"wp","href":"https:\/\/api.w.org\/{rel}","templated":true}]}}