{"id":628,"date":"2018-03-14T17:53:01","date_gmt":"2018-03-14T16:53:01","guid":{"rendered":"http:\/\/www.ozbud.com.pl\/?page_id=628"},"modified":"2018-03-14T17:53:01","modified_gmt":"2018-03-14T16:53:01","slug":"industry","status":"publish","type":"page","link":"https:\/\/www.ozbud.com.pl\/index.php\/en\/industry\/","title":{"rendered":"Industry"},"content":{"rendered":"<\/div><\/div><\/div><!-- close content main div --><\/div><\/div><div id='av_section_1' class='avia-section main_color avia-section-large avia-no-border-styling avia-full-stretch av-section-color-overlay-active avia-bg-style-scroll   container_wrap fullsize' style = 'background-repeat: no-repeat; background-image: url(https:\/\/www.ozbud.com.pl\/wp-content\/uploads\/2018\/02\/ozbud-banner-03.jpg); background-attachment: scroll; background-position: center center; ' data-section-bg-repeat='stretch' ><div class='av-section-color-overlay-wrap'><div class='av-section-color-overlay' style='opacity: 0.5; background-color: #00345b; '><\/div><div class='container' ><div class='template-page content  av-content-full alpha units'><div class='post-entry post-entry-type-page post-entry-628'><div class='entry-content-wrapper clearfix'>\n<div style='padding-bottom:0px;color:#ffffff;font-size:30px;' class='av-special-heading av-special-heading-h3 custom-color-heading blockquote modern-quote modern-centered  av-thin-font av-inherit-size '><h3 class='av-special-heading-tag '  itemprop=\"headline\"  ><strong>OUR OFFER<\/strong><\/h3><div class='special-heading-border'><div class='special-heading-inner-border' style='border-color:#ffffff'><\/div><\/div><\/div>\n<\/div><\/div><\/div><!-- close content main div --><\/div><\/div><\/div><div id='av_section_2' class='avia-section main_color avia-section-default avia-no-border-styling avia-bg-style-scroll   container_wrap fullsize' style = 'background-color: #efefef; '  ><div class='container' ><div class='template-page content  av-content-full alpha units'><div class='post-entry post-entry-type-page post-entry-628'><div class='entry-content-wrapper clearfix'>\n<div style='padding-bottom:15px;font-size:30px;' class='av-special-heading av-special-heading-h3  blockquote modern-quote modern-centered  av-thin-font av-inherit-size '><h3 class='av-special-heading-tag '  itemprop=\"headline\"  ><strong>Industry<\/strong><\/h3><div class='special-heading-border'><div class='special-heading-inner-border' ><\/div><\/div><\/div>\n<div class=\"flex_column av_one_fifth  flex_column_div av-zero-column-padding first  \" style='border-radius:0px; '><\/div><div class=\"flex_column av_three_fifth  flex_column_div av-zero-column-padding   \" style='border-radius:0px; '><section class=\"av_textblock_section \"  itemscope=\"itemscope\" itemtype=\"https:\/\/schema.org\/CreativeWork\" ><div class='avia_textblock  '   itemprop=\"text\" ><p style=\"text-align: center;\">Obiekty przemys\u0142owe to du\u017ce wyzwanie. Realizacja wymaga odpowiedniego do\u015bwiadczenia oraz, co najwa\u017cniejsze, odpowiedniej sieci dostawc\u00f3w.<\/p>\n<\/div><\/section><\/div><div class=\"flex_column av_one_fifth  flex_column_div av-zero-column-padding   \" style='border-radius:0px; '><\/div><div class=\"flex_column av_one_half  flex_column_div av-zero-column-padding first  \" style='border-radius:0px; '><section class=\"av_textblock_section \"  itemscope=\"itemscope\" itemtype=\"https:\/\/schema.org\/CreativeWork\" ><div class='avia_textblock  '   itemprop=\"text\" ><h3 style=\"text-align: left;\"><strong>Przemys\u0142<\/strong><\/h3>\n<p style=\"text-align: left;\">Obiekty przemys\u0142owe to du\u017ce wyzwanie. Realizacja wymaga odpowiedniego do\u015bwiadczenia oraz, co najwa\u017cniejsze, odpowiedniej sieci dostawc\u00f3w. Obiekty przemys\u0142owe ze wzgl\u0119du na wymagany, kr\u00f3tki czas realizacji cz\u0119sto tworzone s\u0105 w oparciu o za\u0142o\u017cenia prefabrykacji.<\/p>\n<p style=\"text-align: left;\">Jeste\u015bmy autoryzowanym partnerem firmy \u201cAstron\u201d dostarczaj\u0105cej zoptymalizowane rozwi\u0105zania konstrukcyjne dla budynk\u00f3w przemys\u0142owych bazuj\u0105cych na wydajnych ramach stalowych. Zastosowanie tych konstrukcji pozwala na optymalizacj\u0119 koszt\u00f3w oraz na maksymalne skr\u00f3cenie czasu wykonania obiektu.<\/p>\n<\/div><\/section><br \/>\n<div class='avia-image-container  av-styling-    avia-align-center '  itemprop=\"ImageObject\" itemscope=\"itemscope\" itemtype=\"https:\/\/schema.org\/ImageObject\"  ><div class='avia-image-container-inner'><img class='avia_image ' src='https:\/\/www.ozbud.com.pl\/wp-content\/uploads\/2018\/02\/ozbud-renowacja-park-technologiczny-5-1030x473.jpg' alt='' title='ozbud-renowacja-park-technologiczny (5)'   itemprop=\"thumbnailUrl\"  \/><\/div><\/div><\/p><\/div><\/p>\n<div class=\"flex_column av_one_half  flex_column_div av-zero-column-padding   \" style='border-radius:0px; '><section class=\"av_textblock_section \"  itemscope=\"itemscope\" itemtype=\"https:\/\/schema.org\/CreativeWork\" ><div class='avia_textblock  '   itemprop=\"text\" ><h3 style=\"text-align: left;\"><strong>OZBUD-Autoryzowany partner Astron<\/strong><\/h3>\n<p style=\"text-align: left;\">Astron to sprawdzony i niezawodny partner technologiczny przy szybkiej budowie obiekt\u00f3w przemys\u0142owych pod klucz. Dostawca gotowych hal produkcyjnych, hal dla rolnictwa oraz r\u00f3\u017cnego rodzaju magazyn\u00f3w, biur, parking\u00f3w oraz gara\u017cy wielopoziomowych, a nawet hangar\u00f3w lotniczych. Oferta firmy Astron obejmuje r\u00f3wnie\u017c wszelkiego rodzaju obiekty, centra handlowe i sportowe. Ka\u017cda stworzona przez Astron konstrukcja stalowa to ekonomiczny i trwa\u0142y produkt najwy\u017cszej jako\u015bci.<\/p>\n<p style=\"text-align: left;\">Astron jest wiod\u0105cym europejskim dostawc\u0105 rozwi\u0105za\u0144 budowlanych ze stali. Zakres produkcji obejmuje wszystkie g\u0142\u00f3wne elementy obiekt\u00f3w stalowych, w tym:<\/p>\n<ul>\n<li style=\"text-align: left;\">konstrukcje pierwszo i drugorz\u0119dowe,<\/li>\n<li style=\"text-align: left;\">systemy dachowe i \u015bcienne ze zintegrowanymi akcesoriami,<\/li>\n<li style=\"text-align: left;\">systemy izolacji cieplnej.<\/li>\n<\/ul>\n<p>Astron \u015bwiadczy us\u0142ugi w ca\u0142ej Europie, w Afryce, a tak\u017ce w innych cz\u0119\u015bciach \u015bwiata. Przyk\u0142ady obiekt\u00f3w referencyjnych Astron mo\u017cna znale\u017a\u0107 w zak\u0142adce <strong><a href=\"https:\/\/www.astron.biz\/pl\/astron-na-swiecie\/projekty-hal-stalowych-astron-na-swiecie\/\" target=\"_blank\" rel=\"noopener\">ASTRON NA \u015aWIECIE<\/a><\/strong>.<\/p>\n<p><a href=\"https:\/\/www.astron.biz\/pl\/\" target=\"_blank\" rel=\"noopener\">www.astron.biz<\/a><\/p>\n<\/div><\/section><\/div>\n<div class=\"flex_column av_one_full  flex_column_div first  \" style='padding:30px; background-color:#00345b; border-radius:0px; '><section class=\"av_textblock_section \"  itemscope=\"itemscope\" itemtype=\"https:\/\/schema.org\/CreativeWork\" ><div class='avia_textblock  av_inherit_color '  style='font-size:20px; color:#ffffff; '  itemprop=\"text\" ><p style=\"text-align: center;\"><strong>Potrzebujesz oferty na Tw\u00f3j indywidualny budynek?<\/strong><br \/>\n<strong> Napisz nam kr\u00f3tko, jaki to ma by\u0107 obiekt, a my powr\u00f3cimy z ofert\u0105.<\/strong><\/p>\n<\/div><\/section><br \/>\n<div style='height:15px' class='hr hr-invisible  '><span class='hr-inner ' ><span class='hr-inner-style'><\/span><\/span><\/div><br \/>\n<div class='avia-button-wrap avia-button-center '><a href='https:\/\/www.ozbud.com.pl\/index.php\/kontakt\/' class='avia-button av-icon-on-hover  avia-icon_select-yes-left-icon avia-color-red avia-size-large avia-position-center '   ><span class='avia_button_icon avia_button_icon_left ' aria-hidden='true' data-av_icon='\ue805' data-av_iconfont='entypo-fontello'><\/span><span class='avia_iconbox_title' >KONTAKT<\/span><\/a><\/div><\/p><\/div>\n<\/div><\/div><\/div><!-- close content main div --><\/div><\/div><div id='av_section_3' class='avia-section main_color avia-section-default avia-no-border-styling avia-bg-style-scroll   container_wrap fullsize' style = 'background-color: #efefef; '  ><div class='container' ><div class='template-page content  av-content-full alpha units'><div class='post-entry post-entry-type-page post-entry-628'><div class='entry-content-wrapper clearfix'>\n<div style='padding-bottom:15px;font-size:30px;' class='av-special-heading av-special-heading-h3  blockquote modern-quote modern-centered  av-thin-font av-inherit-size '><h3 class='av-special-heading-tag '  itemprop=\"headline\"  ><strong>Zobacz wybrane realizacje:<\/strong><\/h3><div class='special-heading-border'><div class='special-heading-inner-border' ><\/div><\/div><\/div>\n\n<div id='av-masonry-1' class='av-masonry  noHover av-fixed-size av-no-gap av-hover-overlay- av-masonry-col-5 av-caption-on-hover-hide av-caption-style-    ' style='background-color:#efefef; ' ><div class='av-masonry-container isotope av-js-disabled ' ><div class='av-masonry-entry isotope-item av-masonry-item-no-image '><\/div><a href=\"https:\/\/www.ozbud.com.pl\/index.php\/realizacje\/remonty-i-adaptacje-delaval\/\" id='av-masonry-1-item-560' data-av-masonry-item='560' class='av-masonry-entry isotope-item post-560 portfolio type-portfolio status-publish has-post-thumbnail hentry portfolio_entries-budownictwo-przemyslowe portfolio_entries-remonty-i-renowacje  av-masonry-item-with-image av-grid-img' title=\"Remonty i Adaptacje Hal &#8211; Delaval\"  itemscope=\"itemscope\" itemtype=\"https:\/\/schema.org\/CreativeWork\" ><div class='av-inner-masonry-sizer'><\/div><figure class='av-inner-masonry main_color'><div class=\"av-masonry-outerimage-container\"><div class=\"av-masonry-image-container\" style=\"background-image: url(https:\/\/www.ozbud.com.pl\/wp-content\/uploads\/2018\/03\/HALA_DELAVAL_1.jpg);\"><img decoding=\"async\" src=\"https:\/\/www.ozbud.com.pl\/wp-content\/uploads\/2018\/03\/HALA_DELAVAL_1.jpg\" title=\"DCF 1.0\" alt=\"\" \/><\/div><\/div><figcaption class='av-inner-masonry-content site-background'><div class='av-inner-masonry-content-pos'><div class='av-inner-masonry-content-pos-content'><div class='avia-arrow'><\/div><h3 class='av-masonry-entry-title entry-title'  itemprop=\"headline\" >Remonty i Adaptacje Hal &#8211; Delaval<\/h3><\/div><\/div><\/figcaption><\/figure><\/a><!--end av-masonry entry--><a href=\"https:\/\/www.ozbud.com.pl\/index.php\/realizacje\/hala-w7-w-kompleksie-wpt\/\" id='av-masonry-1-item-193' data-av-masonry-item='193' class='av-masonry-entry isotope-item post-193 portfolio type-portfolio status-publish has-post-thumbnail hentry portfolio_entries-budownictwo-przemyslowe  av-masonry-item-with-image av-grid-img' title=\"Hala W7 w kompleksie WPT\"  itemscope=\"itemscope\" itemtype=\"https:\/\/schema.org\/CreativeWork\" ><div class='av-inner-masonry-sizer'><\/div><figure class='av-inner-masonry main_color'><div class=\"av-masonry-outerimage-container\"><div class=\"av-masonry-image-container\" style=\"background-image: url(https:\/\/www.ozbud.com.pl\/wp-content\/uploads\/2018\/02\/hala-przemys\u0142owa-W7-DJI_0149-HDR-705x528.jpg);\"><img decoding=\"async\" src=\"https:\/\/www.ozbud.com.pl\/wp-content\/uploads\/2018\/02\/hala-przemys\u0142owa-W7-DJI_0149-HDR-705x528.jpg\" title=\"hala-przemys\u0142owa-W7-DJI_0149-HDR\" alt=\"\" \/><\/div><\/div><figcaption class='av-inner-masonry-content site-background'><div class='av-inner-masonry-content-pos'><div class='av-inner-masonry-content-pos-content'><div class='avia-arrow'><\/div><h3 class='av-masonry-entry-title entry-title'  itemprop=\"headline\" >Hala W7 w kompleksie WPT<\/h3><\/div><\/div><\/figcaption><\/figure><\/a><!--end av-masonry entry--><a href=\"https:\/\/www.ozbud.com.pl\/index.php\/realizacje\/fabryka-cukru-atm\/\" id='av-masonry-1-item-1775' data-av-masonry-item='1775' class='av-masonry-entry isotope-item post-1775 portfolio type-portfolio status-publish has-post-thumbnail hentry portfolio_entries-budownictwo-przemyslowe portfolio_entries-obiekty-uzytecznosci-publicznej portfolio_entries-remonty-i-renowacje  av-masonry-item-with-image av-grid-img' title=\"Fabryka Cukru\"  itemscope=\"itemscope\" itemtype=\"https:\/\/schema.org\/CreativeWork\" ><div class='av-inner-masonry-sizer'><\/div><figure class='av-inner-masonry main_color'><div class=\"av-masonry-outerimage-container\"><div class=\"av-masonry-image-container\" style=\"background-image: url(https:\/\/www.ozbud.com.pl\/wp-content\/uploads\/2018\/05\/budynek-przemyslowy-fabryka-cukru-0016-705x528.jpg);\"><img decoding=\"async\" src=\"https:\/\/www.ozbud.com.pl\/wp-content\/uploads\/2018\/05\/budynek-przemyslowy-fabryka-cukru-0016-705x528.jpg\" title=\"budynek-przemyslowy-fabryka-cukru-0016\" alt=\"\" \/><\/div><\/div><figcaption class='av-inner-masonry-content site-background'><div class='av-inner-masonry-content-pos'><div class='av-inner-masonry-content-pos-content'><div class='avia-arrow'><\/div><h3 class='av-masonry-entry-title entry-title'  itemprop=\"headline\" >Fabryka Cukru<\/h3><\/div><\/div><\/figcaption><\/figure><\/a><!--end av-masonry entry--><a href=\"https:\/\/www.ozbud.com.pl\/index.php\/realizacje\/centrum-handlowo-uslugowe-olesnica\/\" id='av-masonry-1-item-863' data-av-masonry-item='863' class='av-masonry-entry isotope-item post-863 portfolio type-portfolio status-publish has-post-thumbnail hentry portfolio_entries-budownictwo-przemyslowe  av-masonry-item-with-image av-grid-img' title=\"Centrum Handlowo-Us\u0142ugowe w Ole\u015bnicy\"  itemscope=\"itemscope\" itemtype=\"https:\/\/schema.org\/CreativeWork\" ><div class='av-inner-masonry-sizer'><\/div><figure class='av-inner-masonry main_color'><div class=\"av-masonry-outerimage-container\"><div class=\"av-masonry-image-container\" style=\"background-image: url(https:\/\/www.ozbud.com.pl\/wp-content\/uploads\/2018\/03\/HALA_ASTRON_1.jpg);\"><img decoding=\"async\" src=\"https:\/\/www.ozbud.com.pl\/wp-content\/uploads\/2018\/03\/HALA_ASTRON_1.jpg\" title=\"HALA_ASTRON_1\" alt=\"\" \/><\/div><\/div><figcaption class='av-inner-masonry-content site-background'><div class='av-inner-masonry-content-pos'><div class='av-inner-masonry-content-pos-content'><div class='avia-arrow'><\/div><h3 class='av-masonry-entry-title entry-title'  itemprop=\"headline\" >Centrum Handlowo-Us\u0142ugowe w Ole\u015bnicy<\/h3><\/div><\/div><\/figcaption><\/figure><\/a><!--end av-masonry entry--><a href=\"https:\/\/www.ozbud.com.pl\/index.php\/realizacje\/kompleks-przemyslowy-technisat\/\" id='av-masonry-1-item-937' data-av-masonry-item='937' class='av-masonry-entry isotope-item post-937 portfolio type-portfolio status-publish has-post-thumbnail hentry portfolio_entries-budownictwo-przemyslowe  av-masonry-item-with-image av-grid-img' title=\"Kompleks Przemys\u0142owy Technisat\"  itemscope=\"itemscope\" itemtype=\"https:\/\/schema.org\/CreativeWork\" ><div class='av-inner-masonry-sizer'><\/div><figure class='av-inner-masonry main_color'><div class=\"av-masonry-outerimage-container\"><div class=\"av-masonry-image-container\" style=\"background-image: url(https:\/\/www.ozbud.com.pl\/wp-content\/uploads\/2011\/03\/kompleks-przemyslowy-technisat-1-705x528.jpg);\"><img decoding=\"async\" src=\"https:\/\/www.ozbud.com.pl\/wp-content\/uploads\/2011\/03\/kompleks-przemyslowy-technisat-1-705x528.jpg\" title=\"kompleks-przemyslowy-technisat-1\" alt=\"\" \/><\/div><\/div><figcaption class='av-inner-masonry-content site-background'><div class='av-inner-masonry-content-pos'><div class='av-inner-masonry-content-pos-content'><div class='avia-arrow'><\/div><h3 class='av-masonry-entry-title entry-title'  itemprop=\"headline\" >Kompleks Przemys\u0142owy Technisat<\/h3><\/div><\/div><\/figcaption><\/figure><\/a><!--end av-masonry entry--><\/div><\/div>\n<\/div><\/div><\/div><!-- close content main div --><\/div><\/div><div id='av-layout-grid-1' class='av-layout-grid-container entry-content-wrapper main_color av-flex-cells    container_wrap fullsize'   >\n<div class=\"flex_cell no_margin av_one_half   avia-full-stretch \" style='height:400px; min-height:400px;background-image:url(https:\/\/www.ozbud.com.pl\/wp-content\/uploads\/2018\/03\/ozbud-mieszkania-03.jpg); background-position:bottom center; background-repeat:no-repeat; background-attachment:scroll; vertical-align:top; padding:90px; '><div class='flex_cell_inner' ><p><div style='padding-bottom:20px;color:#ffffff;font-size:30px;' class='av-special-heading av-special-heading-h3 custom-color-heading blockquote modern-quote   av-inherit-size '><h3 class='av-special-heading-tag '  itemprop=\"headline\"  >Mieszkania<\/h3><div class='special-heading-border'><div class='special-heading-inner-border' style='border-color:#ffffff'><\/div><\/div><\/div><br \/>\n<section class=\"av_textblock_section \"  itemscope=\"itemscope\" itemtype=\"https:\/\/schema.org\/CreativeWork\" ><div class='avia_textblock  av_inherit_color '  style='color:#ffffff; '  itemprop=\"text\" ><p>Przy udanej realizacji inwestycji mieszkaniowych skupiamy si\u0119 przede wszystkim na odbiorcy ko\u0144cowym, czyli na przysz\u0142ych lokatorach.<\/p>\n<\/div><\/section><br \/>\n<div style='height:20px' class='hr hr-invisible  '><span class='hr-inner ' ><span class='hr-inner-style'><\/span><\/span><\/div><br \/>\n<div class='avia-button-wrap avia-button-left '><a href='https:\/\/www.ozbud.com.pl\/index.php\/budownictwo_mieszkaniowe\/' class='avia-button   avia-icon_select-no avia-color-light avia-size-medium avia-position-left '   ><span class='avia_iconbox_title' >WI\u0118CEJ<\/span><\/a><\/div><\/p>\n<\/div><\/div><div class=\"flex_cell no_margin av_one_half   avia-full-stretch \" style='height:400px; min-height:400px;background-image:url(https:\/\/www.ozbud.com.pl\/wp-content\/uploads\/2018\/03\/ozbud-remonty-03.jpg); background-position:center center; background-repeat:no-repeat; background-attachment:scroll; vertical-align:top; padding:90px; '><div class='flex_cell_inner' ><p><div style='padding-bottom:20px;color:#ffffff;font-size:30px;' class='av-special-heading av-special-heading-h3 custom-color-heading blockquote modern-quote   av-inherit-size '><h3 class='av-special-heading-tag '  itemprop=\"headline\"  >Remonty<\/h3><div class='special-heading-border'><div class='special-heading-inner-border' style='border-color:#ffffff'><\/div><\/div><\/div><br \/>\n<section class=\"av_textblock_section \"  itemscope=\"itemscope\" itemtype=\"https:\/\/schema.org\/CreativeWork\" ><div class='avia_textblock  av_inherit_color '  style='color:#ffffff; '  itemprop=\"text\" ><p>Remonty i renowacje to bardzo specjalistyczna dziedzina w budownictwie. Wymaga ona najwi\u0119kszego stopnia intuicji oraz fantazji.<\/p>\n<\/div><\/section><br \/>\n<div style='height:20px' class='hr hr-invisible  '><span class='hr-inner ' ><span class='hr-inner-style'><\/span><\/span><\/div><br \/>\n<div class='avia-button-wrap avia-button-left '><a href='https:\/\/www.ozbud.com.pl\/index.php\/remonty\/' class='avia-button   avia-icon_select-no avia-color-light avia-size-medium avia-position-left '   ><span class='avia_iconbox_title' >WI\u0118CEJ<\/span><\/a><\/div><\/p>\n<\/div><\/div>\n<\/div>\n<div style='height:100px' class='hr hr-invisible  '><span class='hr-inner ' ><span class='hr-inner-style'><\/span><\/span><\/div>\n<\/div><\/div><\/div><!-- close content main div --><\/div><\/div><div id='av_section_4' class='avia-section main_color avia-section-default avia-no-border-styling avia-full-stretch avia-bg-style-scroll   av-minimum-height av-minimum-height-custom container_wrap fullsize' style = 'background-repeat: no-repeat; background-image: url(https:\/\/www.ozbud.com.pl\/wp-content\/uploads\/2018\/02\/ozbud-footer-04.png); background-attachment: scroll; background-position: bottom center; ' data-section-bg-repeat='stretch' ><div class='container' style='height:530px'><div class='template-page content  av-content-full alpha units'><div class='post-entry post-entry-type-page post-entry-628'><div class='entry-content-wrapper clearfix'>\n","protected":false},"excerpt":{"rendered":"","protected":false},"author":1,"featured_media":0,"parent":0,"menu_order":0,"comment_status":"closed","ping_status":"closed","template":"","meta":{"footnotes":""},"yst_prominent_words":[],"class_list":["post-628","page","type-page","status-publish","hentry"],"_links":{"self":[{"href":"https:\/\/www.ozbud.com.pl\/index.php\/wp-json\/wp\/v2\/pages\/628","targetHints":{"allow":["GET"]}}],"collection":[{"href":"https:\/\/www.ozbud.com.pl\/index.php\/wp-json\/wp\/v2\/pages"}],"about":[{"href":"https:\/\/www.ozbud.com.pl\/index.php\/wp-json\/wp\/v2\/types\/page"}],"author":[{"embeddable":true,"href":"https:\/\/www.ozbud.com.pl\/index.php\/wp-json\/wp\/v2\/users\/1"}],"replies":[{"embeddable":true,"href":"https:\/\/www.ozbud.com.pl\/index.php\/wp-json\/wp\/v2\/comments?post=628"}],"version-history":[{"count":2,"href":"https:\/\/www.ozbud.com.pl\/index.php\/wp-json\/wp\/v2\/pages\/628\/revisions"}],"predecessor-version":[{"id":630,"href":"https:\/\/www.ozbud.com.pl\/index.php\/wp-json\/wp\/v2\/pages\/628\/revisions\/630"}],"wp:attachment":[{"href":"https:\/\/www.ozbud.com.pl\/index.php\/wp-json\/wp\/v2\/media?parent=628"}],"wp:term":[{"taxonomy":"yst_prominent_words","embeddable":true,"href":"https:\/\/www.ozbud.com.pl\/index.php\/wp-json\/wp\/v2\/yst_prominent_words?post=628"}],"curies":[{"name":"wp","href":"https:\/\/api.w.org\/{rel}","templated":true}]}}