{"id":625,"date":"2018-03-14T17:47:56","date_gmt":"2018-03-14T16:47:56","guid":{"rendered":"http:\/\/www.ozbud.com.pl\/?page_id=625"},"modified":"2018-03-14T17:47:56","modified_gmt":"2018-03-14T16:47:56","slug":"about-us","status":"publish","type":"page","link":"https:\/\/www.ozbud.com.pl\/index.php\/en\/about-us\/","title":{"rendered":"About us"},"content":{"rendered":"<\/div><\/div><\/div><!-- close content main div --><\/div><\/div><div id='av_section_1' class='avia-section main_color avia-section-large avia-no-border-styling avia-full-stretch av-section-color-overlay-active avia-bg-style-scroll   container_wrap fullsize' style = 'background-repeat: no-repeat; background-image: url(https:\/\/www.ozbud.com.pl\/wp-content\/uploads\/2018\/03\/ozbud-banner-08.jpg); background-attachment: scroll; background-position: center center; ' data-section-bg-repeat='stretch' ><div class='av-section-color-overlay-wrap'><div class='av-section-color-overlay' style='opacity: 0.5; background-color: #00345b; '><\/div><div class='container' ><div class='template-page content  av-content-full alpha units'><div class='post-entry post-entry-type-page post-entry-625'><div class='entry-content-wrapper clearfix'>\n<div style='padding-bottom:0px;color:#ffffff;font-size:30px;' class='av-special-heading av-special-heading-h3 custom-color-heading blockquote modern-quote modern-centered  av-thin-font av-inherit-size '><h3 class='av-special-heading-tag '  itemprop=\"headline\"  ><strong>ABOUT US<\/strong><\/h3><div class='special-heading-border'><div class='special-heading-inner-border' style='border-color:#ffffff'><\/div><\/div><\/div>\n<\/div><\/div><\/div><!-- close content main div --><\/div><\/div><\/div><div id='av_section_2' class='avia-section main_color avia-section-large avia-no-border-styling avia-bg-style-scroll   container_wrap fullsize' style = 'background-color: #efefef; '  ><div class='container' ><div class='template-page content  av-content-full alpha units'><div class='post-entry post-entry-type-page post-entry-625'><div class='entry-content-wrapper clearfix'>\n<div style='padding-bottom:10px;font-size:30px;' class='av-special-heading av-special-heading-h3  blockquote modern-quote modern-centered  av-thin-font av-inherit-size '><h3 class='av-special-heading-tag '  itemprop=\"headline\"  ><strong>Dla nas pierwsza wsp\u00f3lna realizacja to dopiero pocz\u0105tek wsp\u00f3\u0142pracy. Relacje z inwestorami utrzymujemy latami.<\/strong><\/h3><div class='special-heading-border'><div class='special-heading-inner-border' ><\/div><\/div><\/div>\n<\/p>\n<\/div><\/div><\/div><!-- close content main div --><\/div><\/div><div id='av_section_3' class='avia-section main_color avia-section-large avia-no-border-styling avia-bg-style-scroll   container_wrap fullsize'   ><div class='container' ><div class='template-page content  av-content-full alpha units'><div class='post-entry post-entry-type-page post-entry-625'><div class='entry-content-wrapper clearfix'>\n<div class=\"flex_column av_one_half  flex_column_div av-zero-column-padding first  \" style='border-radius:0px; '><section class=\"av_textblock_section \"  itemscope=\"itemscope\" itemtype=\"https:\/\/schema.org\/CreativeWork\" ><div class='avia_textblock  '   itemprop=\"text\" ><h3>Jako firma jeste\u015bmy przede wszystkim zgranym zespo\u0142em.<\/h3>\n<p>Od lat wsp\u00f3\u0142pracujemy z tymi samymi lud\u017ami. Pozwala nam to na ci\u0105g\u0142e wzbogacanie naszej wiedzy i rozszerzanie sieci kontakt\u00f3w na dynamicznie rozwijaj\u0105cym si\u0119 rynku.<\/p>\n<p>Ka\u017cdy projekt staramy si\u0119 realizowa\u0107 tak, by jak najbardziej zbli\u017cy\u0107 si\u0119 do perfekcji, aby zapewni\u0107 naszym klientom jak najwy\u017cszy poziom zadowolenia podczas realizacji i po zako\u0144czeniu inwestycji. Inwestor\u00f3w wspieramy na ka\u017cdym kroku.<\/p>\n<p>Jeste\u015bmy firm\u0105 specjalizuj\u0105c\u0105 si\u0119 w realizowaniu obiekt\u00f3w budowlanych, ale realizujemy r\u00f3wnie\u017c obiekty w trybie \u201czaprojektuj i wybuduj\u201d.<\/p>\n<\/div><\/section><\/div><div class=\"flex_column av_one_half  flex_column_div av-zero-column-padding   \" style='border-radius:0px; '><section class=\"av_textblock_section \"  itemscope=\"itemscope\" itemtype=\"https:\/\/schema.org\/CreativeWork\" ><div class='avia_textblock  '   itemprop=\"text\" ><h3>Zaprojektuj i wybuduj<\/h3>\n<p>W tym wariancie przejmujemy na siebie wszystkie obowi\u0105zki zwi\u0105zane z realizacj\u0105 projektu, w\u0142\u0105cznie z optymalnym zaprojektowaniem planowanego obiektu.<\/p>\n<p>Jedynym zadaniem inwestora pozostaje przedstawienie wymaga\u0144 i oczekiwa\u0144 oraz odbi\u00f3r kluczy do gotowej inwestycji.<\/p>\n<p>Podczas realizacji naszych projekt\u00f3w stosujemy polityk\u0119 \u201cotwartych drzwi\u201d. Nie zatajamy informacji oraz dokument\u00f3w, a inwestorowi udzielamy mo\u017cliwo\u015b\u0107 wgl\u0105du do dokumentacji na ka\u017cdym etapie realizacji.<\/p>\n<\/div><\/section><\/div><div class=\"flex_column av_one_half  flex_column_div av-zero-column-padding first  \" style='border-radius:0px; '><section class=\"av_textblock_section \"  itemscope=\"itemscope\" itemtype=\"https:\/\/schema.org\/CreativeWork\" ><div class='avia_textblock  '   itemprop=\"text\" ><h3>Wsp\u00f3\u0142praca z OZBUD<\/h3>\n<p>Baza naszych kontrahent\u00f3w sk\u0142ada si\u0119 z inwestor\u00f3w publicznych i prywatnych, na kt\u00f3rych zlecenie wykonujemy prace budowlane. Posiadamy zaufan\u0105 sie\u0107 podwykonawc\u00f3w i dostawc\u00f3w na terenie Dolnego \u015al\u0105ska, z kt\u00f3rymi wsp\u00f3\u0142pracujemy od lat.<\/p>\n<p>Podstaw\u0105 naszego dzia\u0142ania jest uczciwo\u015b\u0107. Wiele firm troszczy si\u0119 o klienta, bo widz\u0105 w tym bezpo\u015brednie korzy\u015bci. My dbamy r\u00f3wnie\u017c o naszych podwykonawc\u00f3w, dostawc\u00f3w i pracownik\u00f3w. Bo to ich praca sk\u0142ada si\u0119 na zadowolenie inwestora i odnoszone przez nasz\u0105 firm\u0119 sukcesy na rynku.<\/p>\n<\/div><\/section><br \/>\n<div style='height:30px' class='hr hr-invisible  '><span class='hr-inner ' ><span class='hr-inner-style'><\/span><\/span><\/div><br \/>\n<div class='avia-button-wrap avia-button-left '><a href='https:\/\/www.ozbud.com.pl\/index.php\/budownictwo-przemyslowe\/' class='avia-button av-icon-on-hover  avia-icon_select-yes-right-icon avia-color-red avia-size-large avia-position-left '   ><span class='avia_iconbox_title' >ZOBACZ NASZE REALIZACJE<\/span><span class='avia_button_icon avia_button_icon_right' aria-hidden='true' data-av_icon='\ue875' data-av_iconfont='entypo-fontello'><\/span><\/a><\/div><\/p><\/div><div class=\"flex_column av_one_half  flex_column_div av-zero-column-padding   \" style='border-radius:0px; '><div class='avia-image-container  av-styling-    avia-align-center '  itemprop=\"ImageObject\" itemscope=\"itemscope\" itemtype=\"https:\/\/schema.org\/ImageObject\"  ><div class='avia-image-container-inner'><img class='avia_image ' src='https:\/\/www.ozbud.com.pl\/wp-content\/uploads\/2018\/03\/ozbud-wspolpraca-02.jpg' alt='' title='ozbud-wspolpraca-02'   itemprop=\"thumbnailUrl\"  \/><\/div><\/div><\/div>\n\n<\/div><\/div><\/div><!-- close content main div --><\/div><\/div><div id='av_section_4' class='avia-section main_color avia-section-large avia-no-border-styling avia-bg-style-scroll   container_wrap fullsize' style = 'background-color: #00345b; '  ><div class='container' ><div class='template-page content  av-content-full alpha units'><div class='post-entry post-entry-type-page post-entry-625'><div class='entry-content-wrapper clearfix'>\n<div class=\"flex_column av_one_fourth  flex_column_div av-zero-column-padding first  \" style='border-radius:0px; '><div  class=\"avia-animated-number av-force-default-color  avia-color-font-light  avia_animate_when_visible\" ><strong class=\"heading avia-animated-number-title\" ><span class=\"avia-no-number\">od <\/span><span class=\"avia-single-number __av-single-number\" data-number=\"1991\">1991<\/span><span class=\"avia-no-number\"> r.<\/span><\/strong><div class='avia-animated-number-content' style='font-size:17px'><p>W bran\u017cy budowlanej<\/p>\n<\/div><\/div><\/div><div class=\"flex_column av_one_fourth  flex_column_div av-zero-column-padding   \" style='border-radius:0px; '><div  class=\"avia-animated-number av-force-default-color  avia-color-font-light  avia_animate_when_visible\" ><strong class=\"heading avia-animated-number-title\" ><span class=\"avia-single-number __av-single-number\" data-number=\"100\">100<\/span><span class=\"avia-no-number\">+ tys. m\u00b2<\/span><\/strong><div class='avia-animated-number-content' style='font-size:17px'><p>Zrealizowanych powierzchni<\/p>\n<\/div><\/div><\/div><div class=\"flex_column av_one_fourth  flex_column_div av-zero-column-padding   \" style='border-radius:0px; '><div  class=\"avia-animated-number av-force-default-color  avia-color-font-light  avia_animate_when_visible\" ><strong class=\"heading avia-animated-number-title\" ><span class=\"avia-single-number __av-single-number\" data-number=\"250\">250<\/span><span class=\"avia-no-number\">+<\/span><\/strong><div class='avia-animated-number-content' style='font-size:17px'><p>Uko\u0144czonych inwestycji<\/p>\n<\/div><\/div><\/div><div class=\"flex_column av_one_fourth  flex_column_div av-zero-column-padding   \" style='border-radius:0px; '><div  class=\"avia-animated-number av-force-default-color  avia-color-font-light  avia_animate_when_visible\" ><strong class=\"heading avia-animated-number-title\" ><span class=\"avia-single-number __av-single-number\" data-number=\"100\">100<\/span><span class=\"avia-no-number\"> %<\/span><\/strong><div class='avia-animated-number-content' style='font-size:17px'><p>Zadowolenia<\/p>\n<\/div><\/div><\/div>\n\n<\/div><\/div><\/div><!-- close content main div --><\/div><\/div><div id='av_section_5' class='avia-section main_color avia-section-default avia-no-border-styling avia-full-stretch av-parallax-section av-section-color-overlay-active avia-bg-style-parallax   av-minimum-height av-minimum-height-50 container_wrap fullsize'  data-section-bg-repeat='stretch' ><div class='av-parallax' data-avia-parallax-ratio='0.3' ><div class='av-parallax-inner main_color  avia-full-stretch' style = 'background-repeat: no-repeat; background-image: url(https:\/\/www.ozbud.com.pl\/wp-content\/uploads\/2018\/02\/ozbud-banner-04.jpg); background-attachment: scroll; background-position: center center; ' ><\/div><\/div><div class='av-section-color-overlay-wrap'><div class='av-section-color-overlay' style='opacity: 0.5; background-color: #00345b; '><\/div><div class='container' ><div class='template-page content  av-content-full alpha units'><div class='post-entry post-entry-type-page post-entry-625'><div class='entry-content-wrapper clearfix'>\n<div style='padding-bottom:30px;color:#ffffff;font-size:50px;' class='av-special-heading av-special-heading-h3 custom-color-heading blockquote modern-quote modern-centered   av-thin-font av-inherit-size '><h3 class='av-special-heading-tag '  itemprop=\"headline\"  ><strong>TRZY FILARY<\/strong><\/h3><div class='special-heading-border'><div class='special-heading-inner-border' style='border-color:#ffffff'><\/div><\/div><\/div>\n\n<\/div><\/div><\/div><!-- close content main div --><\/div><\/div><\/div><div id='av_section_6' class='avia-section main_color avia-section-default avia-no-border-styling avia-bg-style-scroll   container_wrap fullsize'   ><div class='container' ><div class='template-page content  av-content-full alpha units'><div class='post-entry post-entry-type-page post-entry-625'><div class='entry-content-wrapper clearfix'>\n<div class=\"flex_column av_one_third  av-animated-generic bottom-to-top  flex_column_div av-zero-column-padding first  \" style='border-radius:0px; '><p><div style='padding-bottom:10px;color:#dddddd;font-size:90px;' class='av-special-heading av-special-heading-h3 custom-color-heading blockquote modern-quote   av-thin-font av-inherit-size '><h3 class='av-special-heading-tag '  itemprop=\"headline\"  ><strong>01.<\/strong><\/h3><div class='special-heading-border'><div class='special-heading-inner-border' style='border-color:#dddddd'><\/div><\/div><\/div><br \/>\n<section class=\"av_textblock_section \"  itemscope=\"itemscope\" itemtype=\"https:\/\/schema.org\/CreativeWork\" ><div class='avia_textblock  '   itemprop=\"text\" ><h2>Jako\u015b\u0107<\/h2>\n<p>Jako\u015b\u0107 nadaje kszta\u0142t powstaj\u0105cego projektu. To dzi\u0119ki niej uwarunkowane s\u0105 funkcje oraz okres \u017cycia powstaj\u0105cego budynku. Przyk\u0142adamy stara\u0144 do tego aby nasze produkty odznacza\u0142y si\u0119 na tle konkurencji mo\u017cliwe najlepsz\u0105 jako\u015bci\u0105. Przy zastosowaniu odpowiednich materia\u0142\u00f3w i technologii jeste\u015bmy w stanie zagwarantowa\u0107 najwy\u017csz\u0105 jako\u015b\u0107 na rynku.<\/p>\n<\/div><\/section><\/p><\/div><div class=\"flex_column av_one_third  av-animated-generic bottom-to-top  flex_column_div av-zero-column-padding   \" style='border-radius:0px; '><p><div style='padding-bottom:10px;color:#dddddd;font-size:90px;' class='av-special-heading av-special-heading-h3 custom-color-heading blockquote modern-quote   av-thin-font av-inherit-size '><h3 class='av-special-heading-tag '  itemprop=\"headline\"  ><strong>02.<\/strong><\/h3><div class='special-heading-border'><div class='special-heading-inner-border' style='border-color:#dddddd'><\/div><\/div><\/div><br \/>\n<section class=\"av_textblock_section \"  itemscope=\"itemscope\" itemtype=\"https:\/\/schema.org\/CreativeWork\" ><div class='avia_textblock  '   itemprop=\"text\" ><h2>Koszt<\/h2>\n<p>Koszt wykonania inwestycji stanowi cz\u0119sto r\u00f3\u017cnic\u0119 mi\u0119dzy podj\u0119ciem decyzji o realizacji obiektu lub o jej braku. Doradzamy naszym klientom, jakie wprowadzi\u0107 rozwi\u0105zania w celu obni\u017cenia koszt\u00f3w. Proponujemy technologie zamienne, kt\u00f3re odpowiadaj\u0105 indywidualnym oczekiwaniom przy minimalnym koszcie. Cieszymy si\u0119 je\u015bli dzi\u0119ki nam uda si\u0119 \u201codchudzi\u0107\u201d bud\u017cet zachowuj\u0105c przy tym walory budynk\u00f3w.<\/p>\n<\/div><\/section><\/p><\/div><div class=\"flex_column av_one_third  av-animated-generic bottom-to-top  flex_column_div av-zero-column-padding   \" style='border-radius:0px; '><p><div style='padding-bottom:10px;color:#dddddd;font-size:90px;' class='av-special-heading av-special-heading-h3 custom-color-heading blockquote modern-quote   av-thin-font av-inherit-size '><h3 class='av-special-heading-tag '  itemprop=\"headline\"  ><strong>03.<\/strong><\/h3><div class='special-heading-border'><div class='special-heading-inner-border' style='border-color:#dddddd'><\/div><\/div><\/div><br \/>\n<section class=\"av_textblock_section \"  itemscope=\"itemscope\" itemtype=\"https:\/\/schema.org\/CreativeWork\" ><div class='avia_textblock  '   itemprop=\"text\" ><h2>Czas<\/h2>\n<p>Czas to najwa\u017cniejszy wymiar, na kt\u00f3ry niekiedy nie zwracamy odpowiedniej uwagi. My rozumiemy, \u017ce jest to najwa\u017cniejszy element przy planowaniu wszystkich dzia\u0142a\u0144. Zapewniamy inwestorowi gwarancje realizacji obiekt\u00f3w zgodnie z ustalonymi ramami. Zdajemy sobie spraw\u0119 z tego, jaki chaos mo\u017ce wywo\u0142a\u0107 op\u00f3\u017anienie na etapie realizacji inwestycji i przyk\u0142adamy wielk\u0105 wag\u0119 do tego, \u017ceby zapewni\u0107 pewno\u015b\u0107 terminowego wykonania. Dla nas op\u00f3\u017anienia po prostu nie wchodz\u0105 w rachub\u0119..<\/p>\n<\/div><\/section><\/p><\/div>\n\n<\/div><\/div><\/div><!-- close content main div --><\/div><\/div><div id='av_section_7' class='avia-section main_color avia-section-default avia-no-border-styling avia-bg-style-scroll   container_wrap fullsize' style = 'background-color: #00345b; '  ><div class='container' ><div class='template-page content  av-content-full alpha units'><div class='post-entry post-entry-type-page post-entry-625'><div class='entry-content-wrapper clearfix'>\n<div style='padding-bottom:30px;color:#ffffff;font-size:30px;' class='av-special-heading av-special-heading-h3 custom-color-heading blockquote modern-quote modern-centered  av-thin-font av-inherit-size '><h3 class='av-special-heading-tag '  itemprop=\"headline\"  ><strong>Nasz\u0105 prac\u0119 doceni\u0142y liczne podmioty<\/strong><\/h3><div class='special-heading-border'><div class='special-heading-inner-border' style='border-color:#ffffff'><\/div><\/div><\/div>\n<div class=\"flex_column av_one_fourth  flex_column_div av-zero-column-padding first  \" style='border-radius:0px; '><div class='avia-image-container  av-styling-    avia-align-center '  itemprop=\"ImageObject\" itemscope=\"itemscope\" itemtype=\"https:\/\/schema.org\/ImageObject\"  ><div class='avia-image-container-inner'><a href='http:\/\/www.ozbud.com.pl\/dokumenty\/150413.pdf' class='avia_image'   target=\"_blank\" ><img class='avia_image ' src='https:\/\/www.ozbud.com.pl\/wp-content\/uploads\/2018\/03\/ozbud-referencje-01.jpg' alt='' title='ozbud-referencje-01'  itemprop=\"thumbnailUrl\"  \/><\/a><\/div><\/div><\/div><div class=\"flex_column av_one_fourth  flex_column_div av-zero-column-padding   \" style='border-radius:0px; '><div class='avia-image-container  av-styling-    avia-align-center '  itemprop=\"ImageObject\" itemscope=\"itemscope\" itemtype=\"https:\/\/schema.org\/ImageObject\"  ><div class='avia-image-container-inner'><a href='http:\/\/www.ozbud.com.pl\/dokumenty\/160307.pdf' class='avia_image'   target=\"_blank\" ><img class='avia_image ' src='https:\/\/www.ozbud.com.pl\/wp-content\/uploads\/2018\/03\/ozbud-referencje-02.jpg' alt='' title='ozbud-referencje-02'  itemprop=\"thumbnailUrl\"  \/><\/a><\/div><\/div><\/div><div class=\"flex_column av_one_fourth  flex_column_div av-zero-column-padding   \" style='border-radius:0px; '><div class='avia-image-container  av-styling-    avia-align-center '  itemprop=\"ImageObject\" itemscope=\"itemscope\" itemtype=\"https:\/\/schema.org\/ImageObject\"  ><div class='avia-image-container-inner'><a href='http:\/\/www.ozbud.com.pl\/dokumenty\/160912.pdf' class='avia_image'   target=\"_blank\" ><img class='avia_image ' src='https:\/\/www.ozbud.com.pl\/wp-content\/uploads\/2018\/03\/ozbud-referencje-03.jpg' alt='' title='ozbud-referencje-03'  itemprop=\"thumbnailUrl\"  \/><\/a><\/div><\/div><\/div><div class=\"flex_column av_one_fourth  flex_column_div av-zero-column-padding   \" style='border-radius:0px; '><div class='avia-image-container  av-styling-    avia-align-center '  itemprop=\"ImageObject\" itemscope=\"itemscope\" itemtype=\"https:\/\/schema.org\/ImageObject\"  ><div class='avia-image-container-inner'><a href='http:\/\/www.ozbud.com.pl\/dokumenty\/170414.pdf' class='avia_image'   target=\"_blank\" ><img class='avia_image ' src='https:\/\/www.ozbud.com.pl\/wp-content\/uploads\/2018\/03\/ozbud-referencje-04.jpg' alt='' title='ozbud-referencje-04'  itemprop=\"thumbnailUrl\"  \/><\/a><\/div><\/div><\/div><div class=\"flex_column av_one_fourth  flex_column_div av-zero-column-padding first  \" style='border-radius:0px; '><div class='avia-image-container  av-styling-    avia-align-center '  itemprop=\"ImageObject\" itemscope=\"itemscope\" itemtype=\"https:\/\/schema.org\/ImageObject\"  ><div class='avia-image-container-inner'><a href='http:\/\/www.ozbud.com.pl\/dokumenty\/170510.pdf' class='avia_image'   target=\"_blank\" ><img class='avia_image ' src='https:\/\/www.ozbud.com.pl\/wp-content\/uploads\/2018\/03\/ozbud-referencje-05.jpg' alt='' title='ozbud-referencje-05'  itemprop=\"thumbnailUrl\"  \/><\/a><\/div><\/div><\/div><div class=\"flex_column av_one_fourth  flex_column_div av-zero-column-padding   \" style='border-radius:0px; '><div class='avia-image-container  av-styling-    avia-align-center '  itemprop=\"ImageObject\" itemscope=\"itemscope\" itemtype=\"https:\/\/schema.org\/ImageObject\"  ><div class='avia-image-container-inner'><a href='http:\/\/www.ozbud.com.pl\/dokumenty\/170904.pdf' class='avia_image'   target=\"_blank\" ><img class='avia_image ' src='https:\/\/www.ozbud.com.pl\/wp-content\/uploads\/2018\/03\/ozbud-referencje-06.jpg' alt='' title='ozbud-referencje-06'  itemprop=\"thumbnailUrl\"  \/><\/a><\/div><\/div><\/div><div class=\"flex_column av_one_fourth  flex_column_div av-zero-column-padding   \" style='border-radius:0px; '><div class='avia-image-container  av-styling-    avia-align-center '  itemprop=\"ImageObject\" itemscope=\"itemscope\" itemtype=\"https:\/\/schema.org\/ImageObject\"  ><div class='avia-image-container-inner'><a href='http:\/\/www.ozbud.com.pl\/dokumenty\/180122.pdf' class='avia_image'   target=\"_blank\" ><img class='avia_image ' src='https:\/\/www.ozbud.com.pl\/wp-content\/uploads\/2018\/03\/ozbud-referencje-07.jpg' alt='' title='ozbud-referencje-07'  itemprop=\"thumbnailUrl\"  \/><\/a><\/div><\/div><\/div><div class=\"flex_column av_one_fourth  flex_column_div av-zero-column-padding   \" style='border-radius:0px; '><div class='avia-image-container  av-styling-    avia-align-center '  itemprop=\"ImageObject\" itemscope=\"itemscope\" itemtype=\"https:\/\/schema.org\/ImageObject\"  ><div class='avia-image-container-inner'><a href='http:\/\/www.ozbud.com.pl\/dokumenty\/180215.pdf' class='avia_image'   target=\"_blank\" ><img class='avia_image ' src='https:\/\/www.ozbud.com.pl\/wp-content\/uploads\/2018\/03\/ozbud-referencje-08.jpg' alt='' title='ozbud-referencje-08'  itemprop=\"thumbnailUrl\"  \/><\/a><\/div><\/div><\/div>\n\n<\/div><\/div><\/div><!-- close content main div --><\/div><\/div><div id='av_section_8' class='avia-section main_color avia-section-large avia-no-border-styling avia-bg-style-scroll   container_wrap fullsize'   ><div class='container' ><div class='template-page content  av-content-full alpha units'><div class='post-entry post-entry-type-page post-entry-625'><div class='entry-content-wrapper clearfix'>\n<div style='padding-bottom:50px;font-size:30px;' class='av-special-heading av-special-heading-h3  blockquote modern-quote modern-centered  av-thin-font av-inherit-size '><h3 class='av-special-heading-tag '  itemprop=\"headline\"  ><strong>Dotychczas z naszej oferty skorzysta\u0142y m. in. takie firmy i instytucje jak:<\/strong><\/h3><div class='special-heading-border'><div class='special-heading-inner-border' ><\/div><\/div><\/div>\n<div class=\"flex_column av_one_third  flex_column_div av-zero-column-padding first  \" style='border-radius:0px; '><section class=\"av_textblock_section \"  itemscope=\"itemscope\" itemtype=\"https:\/\/schema.org\/CreativeWork\" ><div class='avia_textblock  '   itemprop=\"text\" ><ul>\n<li>Akademia Rolnicza, Wroc\u0142aw<\/li>\n<li>Akademia Wychowania Fizycznego, Wroc\u0142aw<\/li>\n<li>Adtraz Pafawag, Wroc\u0142aw<\/li>\n<li>Amstrong Insulation Products Sp.z o.o, \u015aroda \u015al\u0105ska<\/li>\n<li>Archimedes S.A., Wroc\u0142aw<\/li>\n<li>Camela S.A.<\/li>\n<li>DeLaval Operations Sp. z o.o.<\/li>\n<li>Dolno\u015bl\u0105ska Wy\u017csza Szko\u0142a S\u0142u\u017cb Publicznych \u201eASESOR\u201d<\/li>\n<li>Dom Pomocy Spo\u0142ecznej dla Dzieci Zgromadzenia Siostr Szkolnych de Notre Dame<\/li>\n<li>Erico Polarfd, Wroc\u0142aw hale stalowe<\/li>\n<li>Fundacja \u201eLubi\u0105\u017c&#8221;<\/li>\n<li>Heberger Polska, Krak\u00f3w<\/li>\n<li>Instytut Archeologii i Etnologii PAN, Wroc\u0142aw<\/li>\n<\/ul>\n<\/div><\/section><\/div><div class=\"flex_column av_one_third  flex_column_div av-zero-column-padding   \" style='border-radius:0px; '><section class=\"av_textblock_section \"  itemscope=\"itemscope\" itemtype=\"https:\/\/schema.org\/CreativeWork\" ><div class='avia_textblock  '   itemprop=\"text\" ><ul>\n<li>Komenda Wojew\u00f3dzka Policji, Wroc\u0142aw<\/li>\n<li>Kompania Spirytusowa \u201eWratislavia&#8221;, Wroc\u0142aw,<\/li>\n<li>Mabud, Wroc\u0142aw<\/li>\n<li>MERIDA Sp. z o.o.<\/li>\n<li>Mitex S.A., Kielce<\/li>\n<li>Parafia Rzymsko-Katolicka, Lutynia<\/li>\n<li>PARTNER Sp. z o.o.<\/li>\n<li>Pia Piasecki, Kielce<\/li>\n<li>Policealne Prywatne Studium Kosmetyczne, Wroc\u0142aw<\/li>\n<li>POLIPLAST Sp. z o.o.<\/li>\n<li>Prokuratura Rejonowa w \u015awidnicy<\/li>\n<li>SCA O\u0142awa<\/li>\n<li>SCA Pozna\u0144<\/li>\n<li>Sp\u00f3\u0142dzielnia Budowlano Mieszkaniowa \u201eMa\u015blice&#8221;, Wroc\u0142aw<\/li>\n<\/ul>\n<\/div><\/section><\/div><div class=\"flex_column av_one_third  flex_column_div av-zero-column-padding   \" style='border-radius:0px; '><section class=\"av_textblock_section \"  itemscope=\"itemscope\" itemtype=\"https:\/\/schema.org\/CreativeWork\" ><div class='avia_textblock  '   itemprop=\"text\" ><ul>\n<li>Skanska S.A., oddzia\u0142 Budexpol<\/li>\n<li>Politechnika Wroc\u0142awska hale stalowe<\/li>\n<li>Ronal Polska Sp. z o.o, Wa\u0142brzych<\/li>\n<li>S\u0105d Apelacyjny, Wroc\u0142aw<\/li>\n<li>Sp\u00f3\u0142dzielnia Mieszkaniowa \u201eElektrociep\u0142ownik\u201d<\/li>\n<li>TechniSat<\/li>\n<li>TP S.A.<\/li>\n<li>Urz\u0105d Miasta i Gminy Z\u0105bkowice,<\/li>\n<li>Wrozamet S.A.<\/li>\n<li>Wroc\u0142awskie Przedsi\u0119biorstwo Hala Ludowa<\/li>\n<li>Zarz\u0105d Inwestycji Miejskich &#8211; Wroc\u0142aw<\/li>\n<li>\u017barowskie Zak\u0142ady Materia\u0142\u00f3w Ogniotrwa\u0142ych.<\/li>\n<\/ul>\n<\/div><\/section><\/div>\n\n<\/div><\/div><\/div><!-- close content main div --><\/div><\/div><div id='av_section_9' class='avia-section main_color avia-section-default avia-no-border-styling avia-full-stretch avia-bg-style-scroll   av-minimum-height av-minimum-height-custom container_wrap fullsize' style = 'background-repeat: no-repeat; background-image: url(https:\/\/www.ozbud.com.pl\/wp-content\/uploads\/2018\/02\/ozbud-footer-04.png); background-attachment: scroll; background-position: bottom center; ' data-section-bg-repeat='stretch' ><div class='container' style='height:530px'><div class='template-page content  av-content-full alpha units'><div class='post-entry post-entry-type-page post-entry-625'><div class='entry-content-wrapper clearfix'>\n","protected":false},"excerpt":{"rendered":"","protected":false},"author":1,"featured_media":0,"parent":0,"menu_order":0,"comment_status":"closed","ping_status":"closed","template":"","meta":{"footnotes":""},"yst_prominent_words":[],"class_list":["post-625","page","type-page","status-publish","hentry"],"_links":{"self":[{"href":"https:\/\/www.ozbud.com.pl\/index.php\/wp-json\/wp\/v2\/pages\/625","targetHints":{"allow":["GET"]}}],"collection":[{"href":"https:\/\/www.ozbud.com.pl\/index.php\/wp-json\/wp\/v2\/pages"}],"about":[{"href":"https:\/\/www.ozbud.com.pl\/index.php\/wp-json\/wp\/v2\/types\/page"}],"author":[{"embeddable":true,"href":"https:\/\/www.ozbud.com.pl\/index.php\/wp-json\/wp\/v2\/users\/1"}],"replies":[{"embeddable":true,"href":"https:\/\/www.ozbud.com.pl\/index.php\/wp-json\/wp\/v2\/comments?post=625"}],"version-history":[{"count":2,"href":"https:\/\/www.ozbud.com.pl\/index.php\/wp-json\/wp\/v2\/pages\/625\/revisions"}],"predecessor-version":[{"id":820,"href":"https:\/\/www.ozbud.com.pl\/index.php\/wp-json\/wp\/v2\/pages\/625\/revisions\/820"}],"wp:attachment":[{"href":"https:\/\/www.ozbud.com.pl\/index.php\/wp-json\/wp\/v2\/media?parent=625"}],"wp:term":[{"taxonomy":"yst_prominent_words","embeddable":true,"href":"https:\/\/www.ozbud.com.pl\/index.php\/wp-json\/wp\/v2\/yst_prominent_words?post=625"}],"curies":[{"name":"wp","href":"https:\/\/api.w.org\/{rel}","templated":true}]}}