{"id":619,"date":"2018-03-14T17:42:12","date_gmt":"2018-03-14T16:42:12","guid":{"rendered":"http:\/\/www.ozbud.com.pl\/?page_id=619"},"modified":"2018-07-09T11:33:51","modified_gmt":"2018-07-09T09:33:51","slug":"ozbud-de","status":"publish","type":"page","link":"https:\/\/www.ozbud.com.pl\/index.php\/de\/ozbud-de\/","title":{"rendered":"OZBUD DE"},"content":{"rendered":"<\/div><\/div><\/div><!-- close content main div --><\/div><\/div><div id='full_slider_1' class='avia-fullwidth-slider main_color avia-shadow   container_wrap fullsize'   ><div  data-size='featured_large'  data-lightbox_size='large'  data-animation='fade'  data-ids='394,393,1696'  data-video_counter='0'  data-autoplay='true'  data-bg_slider='false'  data-slide_height=''  data-handle='av_slideshow_full'  data-interval='8'  data-class=' '  data-css_id=''  data-scroll_down=''  data-control_layout='av-control-minimal'  data-custom_markup=''  data-perma_caption=''  data-autoplay_stopper=''  data-image_attachment=''  data-min_height='0px'  data-src=''  data-position='top left'  data-repeat='no-repeat'  data-attach='scroll'  data-stretch=''  data-default-height='42'  class='avia-slideshow avia-slideshow-1  av-control-minimal av-default-height-applied avia-slideshow-featured_large av_slideshow_full   avia-fade-slider '  itemprop=\"ImageObject\" itemscope=\"itemscope\" itemtype=\"https:\/\/schema.org\/ImageObject\" ><ul class='avia-slideshow-inner' style='padding-bottom: 42%;'><li  class=' slide-1 ' ><div data-rel='slideshow-1' class='avia-slide-wrap'  ><div class = \"caption_fullwidth av-slideshow-caption caption_center caption_center_framed caption_framed\"><div class = \"container caption_container\"><div class = \"slideshow_caption\"><div class = \"slideshow_inner_caption\"><div class = \"slideshow_align_caption\"><h2  style='font-size:36px; ' class='avia-caption-title '  itemprop=\"name\" >BAUFIRMA AUS POLEN BAUT F\u00dcR SIE<\/h2><br\/><a href='https:\/\/www.ozbud.com.pl\/index.php\/de\/oeffentliche-gebaeude\/'  class='avia-slideshow-button avia-button avia-color-theme-color avia-multi-slideshow-button' data-duration='800' data-easing='easeInOutQuad'>Referenzobjekte<\/a><a href='https:\/\/www.ozbud.com.pl\/index.php\/de\/kontakt-de\/'  class='avia-slideshow-button avia-button avia-color-red avia-multi-slideshow-button avia-slideshow-button-2' data-duration='800' data-easing='easeInOutQuad'>Kontakt<\/a><\/div><\/div><\/div><\/div><\/div><img src='https:\/\/www.ozbud.com.pl\/wp-content\/uploads\/2018\/03\/ozbud-banner-06-1500x630.jpg' width='1500' height='630' title='ozbud-banner-06' alt=''  itemprop=\"thumbnailUrl\"   \/><\/div><\/li><li  class=' slide-2 ' ><div data-rel='slideshow-1' class='avia-slide-wrap'  ><div class = \"caption_fullwidth av-slideshow-caption caption_center caption_center_framed caption_framed\"><div class = \"container caption_container\"><div class = \"slideshow_caption\"><div class = \"slideshow_inner_caption\"><div class = \"slideshow_align_caption\"><h2  style='font-size:36px; ' class='avia-caption-title '  itemprop=\"name\" >UNSERE KUNDEN VERTRAUEN UNS SEIT JAHRZEHNTEN<\/h2><br\/><a href='https:\/\/www.ozbud.com.pl\/index.php\/de\/industriegebaeude\/'  class='avia-slideshow-button avia-button avia-color-theme-color avia-multi-slideshow-button' data-duration='800' data-easing='easeInOutQuad'>Referenzobjekte<\/a><a href='https:\/\/www.ozbud.com.pl\/index.php\/de\/kontakt-de\/'  class='avia-slideshow-button avia-button avia-color-red avia-multi-slideshow-button avia-slideshow-button-2' data-duration='800' data-easing='easeInOutQuad'>Kontakt<\/a><\/div><\/div><\/div><\/div><\/div><img src='https:\/\/www.ozbud.com.pl\/wp-content\/uploads\/2018\/03\/ozbud-banner-05-1500x630.jpg' width='1500' height='630' title='ozbud-banner-05' alt=''  itemprop=\"thumbnailUrl\"   \/><\/div><\/li><li  class=' slide-3 ' ><div data-rel='slideshow-1' class='avia-slide-wrap'  ><div class = \"caption_fullwidth av-slideshow-caption caption_center caption_center_framed caption_framed\"><div class = \"container caption_container\"><div class = \"slideshow_caption\"><div class = \"slideshow_inner_caption\"><div class = \"slideshow_align_caption\"><h2  style='font-size:36px; ' class='avia-caption-title '  itemprop=\"name\" >SCH\u00dcTZEN SIE IHRE GELDANLAGE UND VERTRAUEN SIE AUF UNS<\/h2><br\/><a href='https:\/\/www.ozbud.com.pl\/index.php\/de\/oeffentliche-gebaeude\/'  class='avia-slideshow-button avia-button avia-color-theme-color avia-multi-slideshow-button' data-duration='800' data-easing='easeInOutQuad'>Referenzobjekte<\/a><a href='https:\/\/www.ozbud.com.pl\/index.php\/de\/kontakt-de\/'  class='avia-slideshow-button avia-button avia-color-red avia-multi-slideshow-button avia-slideshow-button-2' data-duration='800' data-easing='easeInOutQuad'>Kontakt<\/a><\/div><\/div><\/div><\/div><\/div><img src='https:\/\/www.ozbud.com.pl\/wp-content\/uploads\/2018\/05\/hala-przemys\u0142owa-W7-web-1500x630.jpg' width='1500' height='630' title='created by dji camera' alt=''  itemprop=\"thumbnailUrl\"   \/><\/div><\/li><\/ul><div class='avia-slideshow-arrows avia-slideshow-controls'><a href='#prev' class='prev-slide' aria-hidden='true' data-av_icon='\ue87c' data-av_iconfont='entypo-fontello'>Previous<\/a><a href='#next' class='next-slide' aria-hidden='true' data-av_icon='\ue87d' data-av_iconfont='entypo-fontello'>Next<\/a><\/div><div class='avia-slideshow-dots avia-slideshow-controls'><a href='#1' class='goto-slide active' >1<\/a><a href='#2' class='goto-slide ' >2<\/a><a href='#3' class='goto-slide ' >3<\/a><\/div><\/div><\/div>\n<\/div><\/div><\/div><!-- close content main div --><\/div><\/div><div id='av_section_1' class='avia-section main_color avia-section-large avia-no-border-styling avia-bg-style-scroll   container_wrap fullsize' style = 'background-color: #efefef; '  ><div class='container' ><div class='template-page content  av-content-full alpha units'><div class='post-entry post-entry-type-page post-entry-619'><div class='entry-content-wrapper clearfix'>\n<div class=\"flex_column av_one_third  av-animated-generic bottom-to-top  flex_column_div av-zero-column-padding first  \" style='border-radius:0px; '><article class=\"iconbox iconbox_left_content    av-icon-style-no-border\"  itemscope=\"itemscope\" itemtype=\"https:\/\/schema.org\/CreativeWork\" ><div class=\"iconbox_icon heading-color \" aria-hidden='true' data-av_icon='\ue8a8' data-av_iconfont='entypo-fontello'  style='color:#cb1e44; ' ><\/div><div class=\"iconbox_content\"><header class=\"entry-content-header\"><h3 class='iconbox_content_title '  itemprop=\"headline\"  >Qualit\u00e4t<\/h3><\/header><div class='iconbox_content_container  '  itemprop=\"text\"  ><p>Durch den Einsatz der richtigen Materialien und Werkzeugen stellen wir sicher, dass unsere Geb\u00e4ude den h\u00f6chsten Qualit\u00e4tsanspr\u00fcchen gen\u00fcgen.<\/p>\n<\/div><\/div><footer class=\"entry-footer\"><\/footer><\/article><\/div><div class=\"flex_column av_one_third  av-animated-generic bottom-to-top  flex_column_div av-zero-column-padding   \" style='border-radius:0px; '><article class=\"iconbox iconbox_left_content    av-icon-style-no-border\"  itemscope=\"itemscope\" itemtype=\"https:\/\/schema.org\/CreativeWork\" ><div class=\"iconbox_icon heading-color \" aria-hidden='true' data-av_icon='\ue894' data-av_iconfont='entypo-fontello'  style='color:#cb1e44; ' ><\/div><div class=\"iconbox_content\"><header class=\"entry-content-header\"><h3 class='iconbox_content_title '  itemprop=\"headline\"  >Kosten<\/h3><\/header><div class='iconbox_content_container  '  itemprop=\"text\"  ><p>Wir empfehlen dem Bauherrn alternative L\u00f6sungen f\u00fcr die Umsetzung seiner Ideen. Dabei halten wir die Kosten so gering wie m\u00f6glich.<\/p>\n<\/div><\/div><footer class=\"entry-footer\"><\/footer><\/article><\/div><div class=\"flex_column av_one_third  av-animated-generic bottom-to-top  flex_column_div av-zero-column-padding   \" style='border-radius:0px; '><article class=\"iconbox iconbox_left_content    av-icon-style-no-border\"  itemscope=\"itemscope\" itemtype=\"https:\/\/schema.org\/CreativeWork\" ><div class=\"iconbox_icon heading-color \" aria-hidden='true' data-av_icon='\ue85b' data-av_iconfont='entypo-fontello'  style='color:#cb1e44; ' ><\/div><div class=\"iconbox_content\"><header class=\"entry-content-header\"><h3 class='iconbox_content_title '  itemprop=\"headline\"  >Zeit<\/h3><\/header><div class='iconbox_content_container  '  itemprop=\"text\"  ><p>Wir wissen, dass der Zeitfaktor eine sehr wichtige Rolle spielt. Wir rechnen mit keinen Versp\u00e4tungen.<\/p>\n<\/div><\/div><footer class=\"entry-footer\"><\/footer><\/article><\/div>\n\n<\/div><\/div><\/div><!-- close content main div --><\/div><\/div><div id='av_section_2' class='avia-section main_color avia-section-large avia-no-border-styling avia-bg-style-scroll   container_wrap fullsize'   ><div class='container' ><div class='template-page content  av-content-full alpha units'><div class='post-entry post-entry-type-page post-entry-619'><div class='entry-content-wrapper clearfix'>\n<div class='flex_column_table av-equal-height-column-flextable -flextable' ><div class=\"flex_column av_three_fifth  av-animated-generic bottom-to-top  flex_column_table_cell av-equal-height-column av-align-middle av-zero-column-padding first  \" style='border-radius:0px; '><section class=\"av_textblock_section \"  itemscope=\"itemscope\" itemtype=\"https:\/\/schema.org\/CreativeWork\" ><div class='avia_textblock  '   itemprop=\"text\" ><h3>Baufirma aus Polen mit Leidenschaft<\/h3>\n<p>Seit 1991 sammeln wir ununterbrochen Erfahrungen als Baufirma aus Polen. Dabei konnten wir uns als vertrauensw\u00fcrdigen Partner bei der Umsetzung mehrerer Bauprojekte in Niederschlesien erweisen. Bei der Entwicklung unserer Projekte setzen wir seit vielen Jahren auf die Erfahrung unserer Lieferanten und Subunternehmer. Auf diese Weise haben wir schon zahlreiche Projekte in der Region erfolgreich abgewickelt.<\/p>\n<h3>Wir erreichen Qualit\u00e4t durch Spezialisierung:<\/h3>\n<p>Unser Unternehmen ist spezialisiert im Bau von B\u00fcrogeb\u00e4uden, Wohnanlagen und Industriegeb\u00e4uden. Zus\u00e4tzlich haben wir alle erforderlichen Befugnisse f\u00fcr die Sanierung von denkmalgesch\u00fctzten Objekten aller Art. Unsere Leistungen bieten wir sowohl Privatkunden als auch f\u00fcr Projekte aus \u00f6ffentlicher Hand an. Wir liefern immer 100% Leistung f\u00fcr die Zufriedenheit unserer Kunden. Anspruchsvolle Auftr\u00e4ge sehen wir als besondere Herausforderung und nehmen diese gerne an. Da wir eine Baufirma aus Polen sind, k\u00f6nnen wir unsere Leistungen zu besten Preisen anbieten.<\/p>\n<\/div><\/section><\/div><\/div><!--close column table wrapper. Autoclose: 1 --><div class='flex_column_table av-equal-height-column-flextable -flextable' ><div class='av-flex-placeholder'><\/div><div class=\"flex_column av_two_fifth  av-animated-generic bottom-to-top  flex_column_table_cell av-equal-height-column av-align-middle av-zero-column-padding   \" style='border-radius:0px; '><div class='avia-image-container  av-styling-    avia-align-center '  itemprop=\"ImageObject\" itemscope=\"itemscope\" itemtype=\"https:\/\/schema.org\/ImageObject\"  ><div class='avia-image-container-inner'><img class='avia_image ' src='https:\/\/www.ozbud.com.pl\/wp-content\/uploads\/2018\/02\/ozbud-photo-01.jpg' alt='' title='ozbud-photo-01'   itemprop=\"thumbnailUrl\"  \/><\/div><\/div><\/div><\/div><!--close column table wrapper. Autoclose: 1 --><\/div><\/div><\/div><!-- close content main div --><\/div><\/div><div id='av_section_3' class='avia-section main_color avia-section-default avia-no-border-styling avia-bg-style-scroll   container_wrap fullsize' style = 'background-color: #efefef; '  ><div class='container' ><div class='template-page content  av-content-full alpha units'><div class='post-entry post-entry-type-page post-entry-619'><div class='entry-content-wrapper clearfix'>\n<div style='padding-bottom:20px;font-size:30px;' class='av-special-heading av-special-heading-h3  blockquote modern-quote modern-centered   av-thin-font av-inherit-size '><h3 class='av-special-heading-tag '  itemprop=\"headline\"  ><strong>UNSERE T\u00c4TIGKEITSFELDER<\/strong><\/h3><div class='special-heading-border'><div class='special-heading-inner-border' ><\/div><\/div><\/div>\n<section class=\"av_textblock_section \"  itemscope=\"itemscope\" itemtype=\"https:\/\/schema.org\/CreativeWork\" ><div class='avia_textblock  '  style='font-size:18px; '  itemprop=\"text\" ><p style=\"text-align: center;\">Neben unserer Kernkompetenzen im Hochbau sind unsere Abteilungen auf die Realisierung verschiedenster Projekte spezialisiert. Bei der Abwicklung von Bauvertr\u00e4gen setzen wir ausschlie\u00dflich auf altbew\u00e4hrte Lieferanten aus unserer Region.<\/p>\n<\/div><\/section>\n<\/p>\n<\/div><\/div><\/div><!-- close content main div --><\/div><\/div><div id='av-layout-grid-1' class='av-layout-grid-container entry-content-wrapper main_color av-flex-cells    container_wrap fullsize'   >\n<div class=\"flex_cell no_margin av_one_third   avia-full-stretch \" style='height:400px; min-height:400px;background-image:url(https:\/\/www.ozbud.com.pl\/wp-content\/uploads\/2018\/03\/ozbud-przemysl-03.jpg); background-position:center center; background-repeat:no-repeat; background-attachment:scroll; vertical-align:top; padding:90px; '><div class='flex_cell_inner' ><p><div style='padding-bottom:20px;color:#ffffff;font-size:30px;' class='av-special-heading av-special-heading-h3 custom-color-heading blockquote modern-quote   av-inherit-size '><h3 class='av-special-heading-tag '  itemprop=\"headline\"  >Industrie<\/h3><div class='special-heading-border'><div class='special-heading-inner-border' style='border-color:#ffffff'><\/div><\/div><\/div><br \/>\n<section class=\"av_textblock_section \"  itemscope=\"itemscope\" itemtype=\"https:\/\/schema.org\/CreativeWork\" ><div class='avia_textblock  av_inherit_color '  style='color:#ffffff; '  itemprop=\"text\" ><p>Der Bau von Industriegeb\u00e4uden stellt eine gro\u00dfe Herausforderung dar. Bei der Entwicklung von Anlagen ist ein H\u00f6chstma\u00df an Erfahrung erforderlich. Noch wichtiger ist ein starkes Lieferantennetzwerk.<\/p>\n<\/div><\/section><br \/>\n<div style='height:20px' class='hr hr-invisible  '><span class='hr-inner ' ><span class='hr-inner-style'><\/span><\/span><\/div><br \/>\n<div class='avia-button-wrap avia-button-left '><a href='https:\/\/www.ozbud.com.pl\/index.php\/budownictwo-przemyslowe\/' class='avia-button   avia-icon_select-no avia-color-red avia-size-medium avia-position-left '   ><span class='avia_iconbox_title' >Mehr erfahren<\/span><\/a><\/div><\/p>\n<\/div><\/div><div class=\"flex_cell no_margin av_one_third   avia-full-stretch \" style='height:400px; min-height:400px;background-image:url(https:\/\/www.ozbud.com.pl\/wp-content\/uploads\/2018\/03\/ozbud-mieszkania-03.jpg); background-position:bottom center; background-repeat:no-repeat; background-attachment:scroll; vertical-align:top; padding:90px; '><div class='flex_cell_inner' ><p><div style='padding-bottom:20px;color:#ffffff;font-size:30px;' class='av-special-heading av-special-heading-h3 custom-color-heading blockquote modern-quote   av-inherit-size '><h3 class='av-special-heading-tag '  itemprop=\"headline\"  >Wohnanlagen<\/h3><div class='special-heading-border'><div class='special-heading-inner-border' style='border-color:#ffffff'><\/div><\/div><\/div><br \/>\n<section class=\"av_textblock_section \"  itemscope=\"itemscope\" itemtype=\"https:\/\/schema.org\/CreativeWork\" ><div class='avia_textblock  av_inherit_color '  style='color:#ffffff; '  itemprop=\"text\" ><p>F\u00fcr einen erfolgreichen Ausbau von Wohnanlagen richten wir unseren Fokus auf die Bed\u00fcrfnisse unserer Endkunden, sprich die zuk\u00fcnftigen Bewohner.<\/p>\n<\/div><\/section><br \/>\n<div style='height:20px' class='hr hr-invisible  '><span class='hr-inner ' ><span class='hr-inner-style'><\/span><\/span><\/div><br \/>\n<div class='avia-button-wrap avia-button-left '><a href='https:\/\/www.ozbud.com.pl\/index.php\/budownictwo_mieszkaniowe\/' class='avia-button   avia-icon_select-no avia-color-red avia-size-medium avia-position-left '   ><span class='avia_iconbox_title' >Mehr erfahren<\/span><\/a><\/div><\/p>\n<\/div><\/div><div class=\"flex_cell no_margin av_one_third   avia-full-stretch \" style='height:400px; min-height:400px;background-image:url(https:\/\/www.ozbud.com.pl\/wp-content\/uploads\/2018\/03\/ozbud-remonty-03.jpg); background-position:center center; background-repeat:no-repeat; background-attachment:scroll; vertical-align:top; padding:90px; '><div class='flex_cell_inner' ><p><div style='padding-bottom:20px;color:#ffffff;font-size:30px;' class='av-special-heading av-special-heading-h3 custom-color-heading blockquote modern-quote   av-inherit-size '><h3 class='av-special-heading-tag '  itemprop=\"headline\"  >Sanierungen<\/h3><div class='special-heading-border'><div class='special-heading-inner-border' style='border-color:#ffffff'><\/div><\/div><\/div><br \/>\n<section class=\"av_textblock_section \"  itemscope=\"itemscope\" itemtype=\"https:\/\/schema.org\/CreativeWork\" ><div class='avia_textblock  av_inherit_color '  style='color:#ffffff; '  itemprop=\"text\" ><p>Sanierungsma\u00dfnahmen und Umbauten sind besonders ansprechende T\u00e4tigkeitsfelder im Bauwesen. Daf\u00fcr ist ein H\u00f6chstma\u00df von Antizipation und Vorstellungsverm\u00f6gen erforderlich.<\/p>\n<\/div><\/section><br \/>\n<div style='height:20px' class='hr hr-invisible  '><span class='hr-inner ' ><span class='hr-inner-style'><\/span><\/span><\/div><br \/>\n<div class='avia-button-wrap avia-button-left '><a href='https:\/\/www.ozbud.com.pl\/index.php\/remonty\/' class='avia-button   avia-icon_select-no avia-color-red avia-size-medium avia-position-left '   ><span class='avia_iconbox_title' >Mehr erfahren<\/span><\/a><\/div><\/p>\n<\/div><\/div>\n<\/div>\n<\/div><\/div><\/div><!-- close content main div --><\/div><\/div><div id='av_section_4' class='avia-section main_color avia-section-huge avia-no-border-styling avia-bg-style-scroll   container_wrap fullsize'   ><div class='container' ><div class='template-page content  av-content-full alpha units'><div class='post-entry post-entry-type-page post-entry-619'><div class='entry-content-wrapper clearfix'>\n<div style='padding-bottom:20px;font-size:30px;' class='av-special-heading av-special-heading-h3  blockquote modern-quote modern-centered  av-thin-font av-inherit-size '><h3 class='av-special-heading-tag '  itemprop=\"headline\"  ><strong>Wir arbeiten nur mit den Besten!<\/strong><\/h3><div class='special-heading-border'><div class='special-heading-inner-border' ><\/div><\/div><\/div>\n<div  data-autoplay='true'  data-interval='5'  data-animation='slide'  class='avia-logo-element-container av-border-deactivate avia-logo-slider avia-content-slider avia-smallarrow-slider avia-content-slider-active noHover avia-content-slider1 avia-content-slider-odd  ' ><div class='avia-smallarrow-slider-heading  no-logo-slider-navigation  no-logo-slider-heading '><\/div><div class='avia-content-slider-inner'><div class='slide-entry-wrap'  itemprop=\"ImageObject\" itemscope=\"itemscope\" itemtype=\"https:\/\/schema.org\/ImageObject\" ><div  class='slide-entry flex_column no_margin post-entry slide-entry-overview slide-loop-1 slide-parity-odd  av_one_seventh first real-thumbnail'><img loading=\"lazy\" decoding=\"async\"  itemprop=\"thumbnailUrl\"  width=\"300\" height=\"149\" src=\"https:\/\/www.ozbud.com.pl\/wp-content\/uploads\/2018\/02\/ozbud-partner-02.png\" class=\"attachment-no scaling size-no scaling\" alt=\"\" \/><\/div><div  class='slide-entry flex_column no_margin post-entry slide-entry-overview slide-loop-2 slide-parity-even  av_one_seventh  real-thumbnail'><img loading=\"lazy\" decoding=\"async\"  itemprop=\"thumbnailUrl\"  width=\"300\" height=\"149\" src=\"https:\/\/www.ozbud.com.pl\/wp-content\/uploads\/2018\/02\/ozbud-partner-03.png\" class=\"attachment-no scaling size-no scaling\" alt=\"\" \/><\/div><div  class='slide-entry flex_column no_margin post-entry slide-entry-overview slide-loop-3 slide-parity-odd  av_one_seventh  real-thumbnail'><img loading=\"lazy\" decoding=\"async\"  itemprop=\"thumbnailUrl\"  width=\"300\" height=\"149\" src=\"https:\/\/www.ozbud.com.pl\/wp-content\/uploads\/2018\/02\/ozbud-partner-04.png\" class=\"attachment-no scaling size-no scaling\" alt=\"\" \/><\/div><div  class='slide-entry flex_column no_margin post-entry slide-entry-overview slide-loop-4 slide-parity-even  av_one_seventh  real-thumbnail'><img loading=\"lazy\" decoding=\"async\"  itemprop=\"thumbnailUrl\"  width=\"300\" height=\"149\" src=\"https:\/\/www.ozbud.com.pl\/wp-content\/uploads\/2018\/02\/ozbud-partner-05.png\" class=\"attachment-no scaling size-no scaling\" alt=\"\" \/><\/div><div  class='slide-entry flex_column no_margin post-entry slide-entry-overview slide-loop-5 slide-parity-odd  av_one_seventh  real-thumbnail'><img loading=\"lazy\" decoding=\"async\"  itemprop=\"thumbnailUrl\"  width=\"300\" height=\"149\" src=\"https:\/\/www.ozbud.com.pl\/wp-content\/uploads\/2018\/02\/ozbud-partner-06.png\" class=\"attachment-no scaling size-no scaling\" alt=\"\" \/><\/div><div  class='slide-entry flex_column no_margin post-entry slide-entry-overview slide-loop-6 slide-parity-even  av_one_seventh  real-thumbnail'><img loading=\"lazy\" decoding=\"async\"  itemprop=\"thumbnailUrl\"  width=\"300\" height=\"149\" src=\"https:\/\/www.ozbud.com.pl\/wp-content\/uploads\/2018\/02\/ozbud-partner-07.png\" class=\"attachment-no scaling size-no scaling\" alt=\"\" \/><\/div><div  class='slide-entry flex_column no_margin post-entry slide-entry-overview slide-loop-7 slide-parity-odd  av_one_seventh  real-thumbnail'><img loading=\"lazy\" decoding=\"async\"  itemprop=\"thumbnailUrl\"  width=\"300\" height=\"149\" src=\"https:\/\/www.ozbud.com.pl\/wp-content\/uploads\/2018\/02\/ozbud-partner-14.png\" class=\"attachment-no scaling size-no scaling\" alt=\"\" \/><\/div><\/div><div class='slide-entry-wrap'  itemprop=\"ImageObject\" itemscope=\"itemscope\" itemtype=\"https:\/\/schema.org\/ImageObject\" ><div  class='slide-entry flex_column no_margin post-entry slide-entry-overview slide-loop-8 slide-parity-odd  av_one_seventh first real-thumbnail'><img loading=\"lazy\" decoding=\"async\"  itemprop=\"thumbnailUrl\"  width=\"300\" height=\"149\" src=\"https:\/\/www.ozbud.com.pl\/wp-content\/uploads\/2018\/03\/ozbud-partner-16.png\" class=\"attachment-no scaling size-no scaling\" alt=\"\" \/><\/div><div  class='slide-entry flex_column no_margin post-entry slide-entry-overview slide-loop-9 slide-parity-even  av_one_seventh  real-thumbnail'><img loading=\"lazy\" decoding=\"async\"  itemprop=\"thumbnailUrl\"  width=\"300\" height=\"149\" src=\"https:\/\/www.ozbud.com.pl\/wp-content\/uploads\/2018\/02\/ozbud-partner-08.png\" class=\"attachment-no scaling size-no scaling\" alt=\"\" \/><\/div><div  class='slide-entry flex_column no_margin post-entry slide-entry-overview slide-loop-10 slide-parity-odd  av_one_seventh  real-thumbnail'><img loading=\"lazy\" decoding=\"async\"  itemprop=\"thumbnailUrl\"  width=\"300\" height=\"149\" src=\"https:\/\/www.ozbud.com.pl\/wp-content\/uploads\/2018\/02\/ozbud-partner-09.png\" class=\"attachment-no scaling size-no scaling\" alt=\"\" \/><\/div><div  class='slide-entry flex_column no_margin post-entry slide-entry-overview slide-loop-11 slide-parity-even  av_one_seventh  real-thumbnail'><img loading=\"lazy\" decoding=\"async\"  itemprop=\"thumbnailUrl\"  width=\"300\" height=\"149\" src=\"https:\/\/www.ozbud.com.pl\/wp-content\/uploads\/2018\/02\/ozbud-partner-10.png\" class=\"attachment-no scaling size-no scaling\" alt=\"\" \/><\/div><div  class='slide-entry flex_column no_margin post-entry slide-entry-overview slide-loop-12 slide-parity-odd  av_one_seventh  real-thumbnail'><img loading=\"lazy\" decoding=\"async\"  itemprop=\"thumbnailUrl\"  width=\"300\" height=\"149\" src=\"https:\/\/www.ozbud.com.pl\/wp-content\/uploads\/2018\/02\/ozbud-partner-11.png\" class=\"attachment-no scaling size-no scaling\" alt=\"\" \/><\/div><div  class='slide-entry flex_column no_margin post-entry slide-entry-overview slide-loop-13 slide-parity-even  av_one_seventh  real-thumbnail'><img loading=\"lazy\" decoding=\"async\"  itemprop=\"thumbnailUrl\"  width=\"300\" height=\"149\" src=\"https:\/\/www.ozbud.com.pl\/wp-content\/uploads\/2018\/02\/ozbud-partner-12.png\" class=\"attachment-no scaling size-no scaling\" alt=\"\" \/><\/div><div  class='slide-entry flex_column no_margin post-entry slide-entry-overview slide-loop-14 slide-parity-odd  post-entry-last  av_one_seventh  real-thumbnail'><img loading=\"lazy\" decoding=\"async\"  itemprop=\"thumbnailUrl\"  width=\"300\" height=\"149\" src=\"https:\/\/www.ozbud.com.pl\/wp-content\/uploads\/2018\/02\/ozbud-partner-13.png\" class=\"attachment-no scaling size-no scaling\" alt=\"\" \/><\/div><\/div><\/div><\/div>\n\n<\/div><\/div><\/div><!-- close content main div --><\/div><\/div><div id='av_section_5' class='avia-section main_color avia-section-default avia-no-border-styling avia-full-stretch avia-bg-style-scroll   av-minimum-height av-minimum-height-custom container_wrap fullsize' style = 'background-repeat: no-repeat; background-image: url(https:\/\/www.ozbud.com.pl\/wp-content\/uploads\/2018\/02\/ozbud-footer-04.png); background-attachment: scroll; background-position: bottom center; ' data-section-bg-repeat='stretch' ><div class='container' style='height:530px'><div class='template-page content  av-content-full alpha units'><div class='post-entry post-entry-type-page post-entry-619'><div class='entry-content-wrapper clearfix'>\n","protected":false},"excerpt":{"rendered":"","protected":false},"author":1,"featured_media":0,"parent":0,"menu_order":0,"comment_status":"closed","ping_status":"closed","template":"","meta":{"footnotes":""},"yst_prominent_words":[],"class_list":["post-619","page","type-page","status-publish","hentry"],"_links":{"self":[{"href":"https:\/\/www.ozbud.com.pl\/index.php\/wp-json\/wp\/v2\/pages\/619","targetHints":{"allow":["GET"]}}],"collection":[{"href":"https:\/\/www.ozbud.com.pl\/index.php\/wp-json\/wp\/v2\/pages"}],"about":[{"href":"https:\/\/www.ozbud.com.pl\/index.php\/wp-json\/wp\/v2\/types\/page"}],"author":[{"embeddable":true,"href":"https:\/\/www.ozbud.com.pl\/index.php\/wp-json\/wp\/v2\/users\/1"}],"replies":[{"embeddable":true,"href":"https:\/\/www.ozbud.com.pl\/index.php\/wp-json\/wp\/v2\/comments?post=619"}],"version-history":[{"count":19,"href":"https:\/\/www.ozbud.com.pl\/index.php\/wp-json\/wp\/v2\/pages\/619\/revisions"}],"predecessor-version":[{"id":1868,"href":"https:\/\/www.ozbud.com.pl\/index.php\/wp-json\/wp\/v2\/pages\/619\/revisions\/1868"}],"wp:attachment":[{"href":"https:\/\/www.ozbud.com.pl\/index.php\/wp-json\/wp\/v2\/media?parent=619"}],"wp:term":[{"taxonomy":"yst_prominent_words","embeddable":true,"href":"https:\/\/www.ozbud.com.pl\/index.php\/wp-json\/wp\/v2\/yst_prominent_words?post=619"}],"curies":[{"name":"wp","href":"https:\/\/api.w.org\/{rel}","templated":true}]}}