{"id":316,"date":"2018-02-28T21:11:44","date_gmt":"2018-02-28T20:11:44","guid":{"rendered":"http:\/\/www.ozbud.com.pl\/?page_id=316"},"modified":"2019-01-20T20:05:07","modified_gmt":"2019-01-20T19:05:07","slug":"remonty","status":"publish","type":"page","link":"https:\/\/www.ozbud.com.pl\/index.php\/remonty\/","title":{"rendered":"Remonty"},"content":{"rendered":"<\/div><\/div><\/div><!-- close content main div --><\/div><\/div><div id='av_section_1' class='avia-section main_color avia-section-large avia-no-border-styling avia-full-stretch av-section-color-overlay-active avia-bg-style-scroll   container_wrap fullsize' style = 'background-repeat: no-repeat; background-image: url(https:\/\/www.ozbud.com.pl\/wp-content\/uploads\/2019\/01\/remont-kosciola-zawonia-2.jpg); background-attachment: scroll; background-position: center center; ' data-section-bg-repeat='stretch' ><div class='av-section-color-overlay-wrap'><div class='av-section-color-overlay' style='opacity: 0.5; background-color: #00345b; '><\/div><div class='container' ><div class='template-page content  av-content-full alpha units'><div class='post-entry post-entry-type-page post-entry-316'><div class='entry-content-wrapper clearfix'>\n<div style='padding-bottom:0px;color:#ffffff;font-size:30px;' class='av-special-heading av-special-heading-h3 custom-color-heading blockquote modern-quote modern-centered  av-thin-font av-inherit-size '><h3 class='av-special-heading-tag '  itemprop=\"headline\"  ><strong>OFERTA<\/strong><\/h3><div class='special-heading-border'><div class='special-heading-inner-border' style='border-color:#ffffff'><\/div><\/div><\/div>\n\n<\/div><\/div><\/div><!-- close content main div --><\/div><\/div><\/div><div id='av_section_2' class='avia-section main_color avia-section-default avia-no-border-styling avia-bg-style-scroll   container_wrap fullsize' style = 'background-color: #efefef; '  ><div class='container' ><div class='template-page content  av-content-full alpha units'><div class='post-entry post-entry-type-page post-entry-316'><div class='entry-content-wrapper clearfix'>\n<div style='padding-bottom:15px;font-size:30px;' class='av-special-heading av-special-heading-h3  blockquote modern-quote modern-centered   av-thin-font av-inherit-size '><h3 class='av-special-heading-tag '  itemprop=\"headline\"  ><strong>Remonty<\/strong><\/h3><div class='special-heading-border'><div class='special-heading-inner-border' ><\/div><\/div><\/div>\n<div class=\"flex_column av_one_fifth  flex_column_div av-zero-column-padding first  \" style='border-radius:0px; '><\/div><div class=\"flex_column av_three_fifth  flex_column_div av-zero-column-padding   \" style='border-radius:0px; '><section class=\"av_textblock_section \"  itemscope=\"itemscope\" itemtype=\"https:\/\/schema.org\/CreativeWork\" ><div class='avia_textblock  '   itemprop=\"text\" ><p style=\"text-align: center;\">Renowacja obiekt\u00f3w zabytkowych jest jedn\u0105 z najstarszych ga\u0142\u0119zi naszej firmy. Posiadamy wymagane do\u015bwiadczenie razem z szeregiem odpowiednich uprawnie\u0144.<\/p>\n<\/div><\/section><\/div><div class=\"flex_column av_one_fifth  flex_column_div av-zero-column-padding   \" style='border-radius:0px; '><\/div>\n\n<div class=\"flex_column av_one_half  flex_column_div av-zero-column-padding first  \" style='border-radius:0px; '><section class=\"av_textblock_section \"  itemscope=\"itemscope\" itemtype=\"https:\/\/schema.org\/CreativeWork\" ><div class='avia_textblock  '   itemprop=\"text\" ><h3 style=\"text-align: left;\"><strong>Remonty<\/strong><\/h3>\n<p style=\"text-align: left;\">Remonty i renowacje to bardzo specjalistyczna dziedzina w budownictwie. Wymaga ona najwi\u0119kszego stopnia intuicji oraz fantazji. Niezwykle satysfakcjonuj\u0105ce jest doprowadzenie podupad\u0142ego budynku do pe\u0142nej funkcjonalno\u015bci, przy zachowaniu zgodno\u015bci z nowoczesnymi standardami.<\/p>\n<p style=\"text-align: left;\">Podczas realizacji obiekt\u00f3w obj\u0119tych ochron\u0105 wymagane s\u0105 odpowiednie uprawnienia, kt\u00f3re zdoby\u0107 mo\u017cna jedynie przez lata do\u015bwiadczenia przy realizacji podobnych projekt\u00f3w. Jako firma mo\u017cemy pochwali\u0107 si\u0119 wieloma interesuj\u0105cymi remontami przeprowadzonymi na pi\u0119knych obiektach.<\/p>\n<\/div><\/section><br \/>\n<div style='height:30px' class='hr hr-invisible  '><span class='hr-inner ' ><span class='hr-inner-style'><\/span><\/span><\/div><br \/>\n<section class=\"av_textblock_section \"  itemscope=\"itemscope\" itemtype=\"https:\/\/schema.org\/CreativeWork\" ><div class='avia_textblock  '   itemprop=\"text\" ><h3 style=\"text-align: left;\"><strong>Obiekty Zabytkowe<\/strong><\/h3>\n<p style=\"text-align: left;\">Renowacja obiekt\u00f3w zabytkowych jest jedn\u0105 z najstarszych ga\u0142\u0119zi naszej firmy. Posiadamy wymagane do\u015bwiadczenie i szereg odpowiednich uprawnie\u0144. Renowacje \u015brednich i du\u017cych zabytkowych obiekt\u00f3w przeprowadzamy kompleksowo w \u015bcis\u0142ej wsp\u00f3\u0142pracy z konserwatorem zabytk\u00f3w. Nasze dotychczasowe realizacje m\u00f3wi\u0105 same za siebie. Mo\u017cliwo\u015b\u0107 por\u00f3wnania efektu wyj\u015bciowego z ko\u0144cowym daje nam wielk\u0105 satysfakcj\u0119.<\/p>\n<\/div><\/section><\/p><\/div>\n<div class=\"flex_column av_one_half  flex_column_div av-zero-column-padding   \" style='border-radius:0px; '><div class='avia-image-container  av-styling-    avia-align-center '  itemprop=\"ImageObject\" itemscope=\"itemscope\" itemtype=\"https:\/\/schema.org\/ImageObject\"  ><div class='avia-image-container-inner'><img class='avia_image ' src='https:\/\/www.ozbud.com.pl\/wp-content\/uploads\/2019\/01\/remont-kosciola-w-zawoni-24-1.jpg' alt='wieza-dawnego-kosciola' title='remont-kosciola-w-zawoni-24'   itemprop=\"thumbnailUrl\"  \/><\/div><\/div><\/div><\/div><\/div><\/div><!-- close content main div --><\/div><\/div><div id='av_section_3' class='avia-section main_color avia-section-default avia-no-border-styling avia-bg-style-scroll   container_wrap fullsize' style = 'background-color: #efefef; '  ><div class='container' ><div class='template-page content  av-content-full alpha units'><div class='post-entry post-entry-type-page post-entry-316'><div class='entry-content-wrapper clearfix'>\n<div style='padding-bottom:15px;font-size:30px;' class='av-special-heading av-special-heading-h3  blockquote modern-quote modern-centered  av-thin-font av-inherit-size '><h3 class='av-special-heading-tag '  itemprop=\"headline\"  ><strong>Zobacz wybrane realizacje:<\/strong><\/h3><div class='special-heading-border'><div class='special-heading-inner-border' ><\/div><\/div><\/div>\n<\/p>\n<div id='av-masonry-1' class='av-masonry  noHover av-fixed-size av-no-gap av-hover-overlay- av-masonry-col-5 av-caption-on-hover-hide av-caption-style-    ' style='background-color:#efefef; ' ><div class='av-masonry-container isotope av-js-disabled ' ><div class='av-masonry-entry isotope-item av-masonry-item-no-image '><\/div><a href=\"https:\/\/www.ozbud.com.pl\/index.php\/realizacje\/dom-pomocy-spolecznej\/\" id='av-masonry-1-item-514' data-av-masonry-item='514' class='av-masonry-entry isotope-item post-514 portfolio type-portfolio status-publish has-post-thumbnail hentry portfolio_entries-remonty-i-renowacje  av-masonry-item-with-image av-grid-img' title=\"Dom Pomocy Spo\u0142ecznej w \u015awiebodzicach\"  itemscope=\"itemscope\" itemtype=\"https:\/\/schema.org\/CreativeWork\" ><div class='av-inner-masonry-sizer'><\/div><figure class='av-inner-masonry main_color'><div class=\"av-masonry-outerimage-container\"><div class=\"av-masonry-image-container\" style=\"background-image: url(https:\/\/www.ozbud.com.pl\/wp-content\/uploads\/2018\/03\/ozbud-swiebodzice-01-705x529.jpg);\"><img decoding=\"async\" src=\"https:\/\/www.ozbud.com.pl\/wp-content\/uploads\/2018\/03\/ozbud-swiebodzice-01-705x529.jpg\" title=\"ozbud-swiebodzice-01\" alt=\"\" \/><\/div><\/div><figcaption class='av-inner-masonry-content site-background'><div class='av-inner-masonry-content-pos'><div class='av-inner-masonry-content-pos-content'><div class='avia-arrow'><\/div><h3 class='av-masonry-entry-title entry-title'  itemprop=\"headline\" >Dom Pomocy Spo\u0142ecznej w \u015awiebodzicach<\/h3><\/div><\/div><\/figcaption><\/figure><\/a><!--end av-masonry entry--><a href=\"https:\/\/www.ozbud.com.pl\/index.php\/realizacje\/sad-apelacyjny-wroclaw\/\" id='av-masonry-1-item-1092' data-av-masonry-item='1092' class='av-masonry-entry isotope-item post-1092 portfolio type-portfolio status-publish has-post-thumbnail hentry portfolio_entries-obiekty-uzytecznosci-publicznej portfolio_entries-remonty-i-renowacje  av-masonry-item-with-image av-grid-img' title=\"S\u0105d Apelacyjny we Wroc\u0142awiu\"  itemscope=\"itemscope\" itemtype=\"https:\/\/schema.org\/CreativeWork\" ><div class='av-inner-masonry-sizer'><\/div><figure class='av-inner-masonry main_color'><div class=\"av-masonry-outerimage-container\"><div class=\"av-masonry-image-container\" style=\"background-image: url(https:\/\/www.ozbud.com.pl\/wp-content\/uploads\/2018\/03\/SAD_2.jpg);\"><img decoding=\"async\" src=\"https:\/\/www.ozbud.com.pl\/wp-content\/uploads\/2018\/03\/SAD_2.jpg\" title=\"SAD_2\" alt=\"\" \/><\/div><\/div><figcaption class='av-inner-masonry-content site-background'><div class='av-inner-masonry-content-pos'><div class='av-inner-masonry-content-pos-content'><div class='avia-arrow'><\/div><h3 class='av-masonry-entry-title entry-title'  itemprop=\"headline\" >S\u0105d Apelacyjny we Wroc\u0142awiu<\/h3><\/div><\/div><\/figcaption><\/figure><\/a><!--end av-masonry entry--><a href=\"https:\/\/www.ozbud.com.pl\/index.php\/realizacje\/dps-wroclaw\/\" id='av-masonry-1-item-1128' data-av-masonry-item='1128' class='av-masonry-entry isotope-item post-1128 portfolio type-portfolio status-publish has-post-thumbnail hentry portfolio_entries-obiekty-uzytecznosci-publicznej portfolio_entries-remonty-i-renowacje portfolio_entries-roboty-dekarskie  av-masonry-item-with-image av-grid-img' title=\"Dom Pomocy Spo\u0142ecznej we Wroc\u0142awiu\"  itemscope=\"itemscope\" itemtype=\"https:\/\/schema.org\/CreativeWork\" ><div class='av-inner-masonry-sizer'><\/div><figure class='av-inner-masonry main_color'><div class=\"av-masonry-outerimage-container\"><div class=\"av-masonry-image-container\" style=\"background-image: url(https:\/\/www.ozbud.com.pl\/wp-content\/uploads\/2018\/03\/MOPS_1.jpg);\"><img decoding=\"async\" src=\"https:\/\/www.ozbud.com.pl\/wp-content\/uploads\/2018\/03\/MOPS_1.jpg\" title=\"MOPS_1\" alt=\"\" \/><\/div><\/div><figcaption class='av-inner-masonry-content site-background'><div class='av-inner-masonry-content-pos'><div class='av-inner-masonry-content-pos-content'><div class='avia-arrow'><\/div><h3 class='av-masonry-entry-title entry-title'  itemprop=\"headline\" >Dom Pomocy Spo\u0142ecznej we Wroc\u0142awiu<\/h3><\/div><\/div><\/figcaption><\/figure><\/a><!--end av-masonry entry--><a href=\"https:\/\/www.ozbud.com.pl\/index.php\/realizacje\/komenda-polbina\/\" id='av-masonry-1-item-1089' data-av-masonry-item='1089' class='av-masonry-entry isotope-item post-1089 portfolio type-portfolio status-publish has-post-thumbnail hentry portfolio_entries-obiekty-uzytecznosci-publicznej portfolio_entries-remonty-i-renowacje  av-masonry-item-with-image av-grid-img' title=\"Komenda Wojew\u00f3dzka przy ul. Po\u0142bina\"  itemscope=\"itemscope\" itemtype=\"https:\/\/schema.org\/CreativeWork\" ><div class='av-inner-masonry-sizer'><\/div><figure class='av-inner-masonry main_color'><div class=\"av-masonry-outerimage-container\"><div class=\"av-masonry-image-container\" style=\"background-image: url(https:\/\/www.ozbud.com.pl\/wp-content\/uploads\/2018\/03\/POLICJA_2.jpg);\"><img decoding=\"async\" src=\"https:\/\/www.ozbud.com.pl\/wp-content\/uploads\/2018\/03\/POLICJA_2.jpg\" title=\"POLICJA_2\" alt=\"\" \/><\/div><\/div><figcaption class='av-inner-masonry-content site-background'><div class='av-inner-masonry-content-pos'><div class='av-inner-masonry-content-pos-content'><div class='avia-arrow'><\/div><h3 class='av-masonry-entry-title entry-title'  itemprop=\"headline\" >Komenda Wojew\u00f3dzka przy ul. Po\u0142bina<\/h3><\/div><\/div><\/figcaption><\/figure><\/a><!--end av-masonry entry--><a href=\"https:\/\/www.ozbud.com.pl\/index.php\/realizacje\/kamienica-dubois\/\" id='av-masonry-1-item-1152' data-av-masonry-item='1152' class='av-masonry-entry isotope-item post-1152 portfolio type-portfolio status-publish has-post-thumbnail hentry portfolio_entries-budownictwo-mieszkaniowe portfolio_entries-remonty-i-renowacje  av-masonry-item-with-image av-grid-img' title=\"Remont Kamienicy, ul. Dubois\"  itemscope=\"itemscope\" itemtype=\"https:\/\/schema.org\/CreativeWork\" ><div class='av-inner-masonry-sizer'><\/div><figure class='av-inner-masonry main_color'><div class=\"av-masonry-outerimage-container\"><div class=\"av-masonry-image-container\" style=\"background-image: url(https:\/\/www.ozbud.com.pl\/wp-content\/uploads\/2018\/03\/remont-kamienicy-dubois-1.jpg);\"><img decoding=\"async\" src=\"https:\/\/www.ozbud.com.pl\/wp-content\/uploads\/2018\/03\/remont-kamienicy-dubois-1.jpg\" title=\"remont-kamienicy-dubois (1)\" alt=\"\" \/><\/div><\/div><figcaption class='av-inner-masonry-content site-background'><div class='av-inner-masonry-content-pos'><div class='av-inner-masonry-content-pos-content'><div class='avia-arrow'><\/div><h3 class='av-masonry-entry-title entry-title'  itemprop=\"headline\" >Remont Kamienicy, ul. Dubois<\/h3><\/div><\/div><\/figcaption><\/figure><\/a><!--end av-masonry entry--><\/div><\/div>\n<\/div><\/div><\/div><!-- close content main div --><\/div><\/div><div id='av-layout-grid-1' class='av-layout-grid-container entry-content-wrapper main_color av-flex-cells    container_wrap fullsize'   >\n<div class=\"flex_cell no_margin av_one_half   avia-full-stretch \" style='height:400px; min-height:400px;background-image:url(https:\/\/www.ozbud.com.pl\/wp-content\/uploads\/2018\/03\/ozbud-przemysl-03.jpg); background-position:center center; background-repeat:no-repeat; background-attachment:scroll; vertical-align:top; padding:90px; '><div class='flex_cell_inner' ><p><div style='padding-bottom:20px;color:#ffffff;font-size:30px;' class='av-special-heading av-special-heading-h3 custom-color-heading blockquote modern-quote   av-inherit-size '><h3 class='av-special-heading-tag '  itemprop=\"headline\"  >Przemys\u0142<\/h3><div class='special-heading-border'><div class='special-heading-inner-border' style='border-color:#ffffff'><\/div><\/div><\/div><br \/>\n<section class=\"av_textblock_section \"  itemscope=\"itemscope\" itemtype=\"https:\/\/schema.org\/CreativeWork\" ><div class='avia_textblock  av_inherit_color '  style='color:#ffffff; '  itemprop=\"text\" ><p>Realizacja obiekt\u00f3w przemys\u0142owych to du\u017ce wyzwanie, kt\u00f3re wymaga wieloletniego do\u015bwiadczenia oraz, co najwa\u017cniejsze, odpowiedniej sieci dostawc\u00f3w.<\/p>\n<\/div><\/section><br \/>\n<div style='height:20px' class='hr hr-invisible  '><span class='hr-inner ' ><span class='hr-inner-style'><\/span><\/span><\/div><br \/>\n<div class='avia-button-wrap avia-button-left '><a href='https:\/\/www.ozbud.com.pl\/index.php\/budownictwo-przemyslowe\/' class='avia-button   avia-icon_select-no avia-color-light avia-size-medium avia-position-left '   ><span class='avia_iconbox_title' >WI\u0118CEJ<\/span><\/a><\/div><\/p>\n<\/div><\/div><div class=\"flex_cell no_margin av_one_half   avia-full-stretch \" style='height:400px; min-height:400px;background-image:url(https:\/\/www.ozbud.com.pl\/wp-content\/uploads\/2018\/03\/ozbud-mieszkania-03.jpg); background-position:bottom center; background-repeat:no-repeat; background-attachment:scroll; vertical-align:top; padding:90px; '><div class='flex_cell_inner' ><p><div style='padding-bottom:20px;color:#ffffff;font-size:30px;' class='av-special-heading av-special-heading-h3 custom-color-heading blockquote modern-quote   av-inherit-size '><h3 class='av-special-heading-tag '  itemprop=\"headline\"  >Mieszkania<\/h3><div class='special-heading-border'><div class='special-heading-inner-border' style='border-color:#ffffff'><\/div><\/div><\/div><br \/>\n<section class=\"av_textblock_section \"  itemscope=\"itemscope\" itemtype=\"https:\/\/schema.org\/CreativeWork\" ><div class='avia_textblock  av_inherit_color '  style='color:#ffffff; '  itemprop=\"text\" ><p>Podczas realizacji inwestycji mieszkaniowych skupiamy si\u0119 przede wszystkim na odbiorcy ko\u0144cowym, czyli na przysz\u0142ych lokatorach.<\/p>\n<\/div><\/section><br \/>\n<div style='height:20px' class='hr hr-invisible  '><span class='hr-inner ' ><span class='hr-inner-style'><\/span><\/span><\/div><br \/>\n<div class='avia-button-wrap avia-button-left '><a href='https:\/\/www.ozbud.com.pl\/index.php\/budownictwo_mieszkaniowe\/' class='avia-button   avia-icon_select-no avia-color-light avia-size-medium avia-position-left '   ><span class='avia_iconbox_title' >WI\u0118CEJ<\/span><\/a><\/div><\/p>\n<\/div><\/div>\n<\/div>\n<\/div><\/div><\/div><!-- close content main div --><\/div><\/div><div id='av_section_4' class='avia-section main_color avia-section-default avia-no-border-styling avia-bg-style-scroll   container_wrap fullsize' style = 'background-color: #00345b; '  ><div class='container' ><div class='template-page content  av-content-full alpha units'><div class='post-entry post-entry-type-page post-entry-316'><div class='entry-content-wrapper clearfix'>\n<div style='padding-bottom:30px;color:#ffffff;font-size:30px;' class='av-special-heading av-special-heading-h3 custom-color-heading blockquote modern-quote modern-centered   av-thin-font av-inherit-size '><h3 class='av-special-heading-tag '  itemprop=\"headline\"  ><strong>Zaciekawi\u0142a Ci\u0119 nasza oferta? Dowiedz si\u0119 wi\u0119cej o nas.<\/strong><\/h3><div class='special-heading-border'><div class='special-heading-inner-border' style='border-color:#ffffff'><\/div><\/div><\/div>\n<div class='avia-button-wrap avia-button-center '><a href='https:\/\/www.ozbud.com.pl\/index.php\/o-nas\/' class='avia-button   avia-icon_select-no avia-color-custom avia-size-large avia-position-center '  style='background-color:#ab2521; border-color:#ab2521; color:#ffffff; ' ><span class='avia_iconbox_title' >DOWIEDZ SI\u0118 WI\u0118CEJ<\/span><\/a><\/div>\n\n<div style='height:100px' class='hr hr-invisible  '><span class='hr-inner ' ><span class='hr-inner-style'><\/span><\/span><\/div>\n<\/div><\/div><\/div><!-- close content main div --><\/div><\/div><div id='av_section_5' class='avia-section main_color avia-section-default avia-no-border-styling avia-full-stretch avia-bg-style-scroll   av-minimum-height av-minimum-height-custom container_wrap fullsize' style = 'background-repeat: no-repeat; background-image: url(https:\/\/www.ozbud.com.pl\/wp-content\/uploads\/2018\/02\/ozbud-footer-04.png); background-attachment: scroll; background-position: bottom center; ' data-section-bg-repeat='stretch' ><div class='container' style='height:530px'><div class='template-page content  av-content-full alpha units'><div class='post-entry post-entry-type-page post-entry-316'><div class='entry-content-wrapper clearfix'>\n","protected":false},"excerpt":{"rendered":"","protected":false},"author":1,"featured_media":0,"parent":0,"menu_order":0,"comment_status":"closed","ping_status":"closed","template":"","meta":{"footnotes":""},"yst_prominent_words":[332,335,327,92,334,331,338,336,329,162,344,333,328,326,343,337,342,341],"class_list":["post-316","page","type-page","status-publish","hentry"],"_links":{"self":[{"href":"https:\/\/www.ozbud.com.pl\/index.php\/wp-json\/wp\/v2\/pages\/316","targetHints":{"allow":["GET"]}}],"collection":[{"href":"https:\/\/www.ozbud.com.pl\/index.php\/wp-json\/wp\/v2\/pages"}],"about":[{"href":"https:\/\/www.ozbud.com.pl\/index.php\/wp-json\/wp\/v2\/types\/page"}],"author":[{"embeddable":true,"href":"https:\/\/www.ozbud.com.pl\/index.php\/wp-json\/wp\/v2\/users\/1"}],"replies":[{"embeddable":true,"href":"https:\/\/www.ozbud.com.pl\/index.php\/wp-json\/wp\/v2\/comments?post=316"}],"version-history":[{"count":19,"href":"https:\/\/www.ozbud.com.pl\/index.php\/wp-json\/wp\/v2\/pages\/316\/revisions"}],"predecessor-version":[{"id":2599,"href":"https:\/\/www.ozbud.com.pl\/index.php\/wp-json\/wp\/v2\/pages\/316\/revisions\/2599"}],"wp:attachment":[{"href":"https:\/\/www.ozbud.com.pl\/index.php\/wp-json\/wp\/v2\/media?parent=316"}],"wp:term":[{"taxonomy":"yst_prominent_words","embeddable":true,"href":"https:\/\/www.ozbud.com.pl\/index.php\/wp-json\/wp\/v2\/yst_prominent_words?post=316"}],"curies":[{"name":"wp","href":"https:\/\/api.w.org\/{rel}","templated":true}]}}