{"id":1800,"date":"2018-05-28T09:42:02","date_gmt":"2018-05-28T07:42:02","guid":{"rendered":"http:\/\/www.ozbud.com.pl\/?page_id=1800"},"modified":"2019-09-15T20:12:25","modified_gmt":"2019-09-15T18:12:25","slug":"rodo","status":"publish","type":"page","link":"https:\/\/www.ozbud.com.pl\/index.php\/rodo\/","title":{"rendered":"RODO"},"content":{"rendered":"<\/div><\/div><\/div><!-- close content main div --><\/div><\/div><div id='av_section_1' class='avia-section main_color avia-section-large avia-no-border-styling avia-full-stretch av-section-color-overlay-active avia-bg-style-scroll   container_wrap fullsize' style = 'background-repeat: no-repeat; background-image: url(https:\/\/www.ozbud.com.pl\/wp-content\/uploads\/2018\/05\/bernard-tuck-528096-unsplash-1500x430.jpg); background-attachment: scroll; background-position: center center; ' data-section-bg-repeat='stretch' ><div class='av-section-color-overlay-wrap'><div class='av-section-color-overlay' style='opacity: 0.5; background-color: #00345b; '><\/div><div class='container' ><div class='template-page content  av-content-full alpha units'><div class='post-entry post-entry-type-page post-entry-1800'><div class='entry-content-wrapper clearfix'>\n<div style='padding-bottom:0px;color:#ffffff;font-size:30px;' class='av-special-heading av-special-heading-h3 custom-color-heading blockquote modern-quote modern-centered  av-thin-font av-inherit-size '><h3 class='av-special-heading-tag '  itemprop=\"headline\"  ><strong>RODO<\/strong><\/h3><div class='special-heading-border'><div class='special-heading-inner-border' style='border-color:#ffffff'><\/div><\/div><\/div>\n\n<\/div><\/div><\/div><!-- close content main div --><\/div><\/div><\/div><div id='av_section_2' class='avia-section main_color avia-section-large avia-no-border-styling avia-bg-style-scroll   container_wrap fullsize'   ><div class='container' ><div class='template-page content  av-content-full alpha units'><div class='post-entry post-entry-type-page post-entry-1800'><div class='entry-content-wrapper clearfix'>\n<div class=\"flex_column av_one_full  flex_column_div av-zero-column-padding first  \" style='border-radius:0px; '><section class=\"av_textblock_section \"  itemscope=\"itemscope\" itemtype=\"https:\/\/schema.org\/CreativeWork\" ><div class='avia_textblock  '   itemprop=\"text\" ><h2 style=\"text-align: center;\">RODO<\/h2>\n<h3 style=\"text-align: center;\">INFORMACJA O PRZETWARZENIU DANYCH OSOBOWYCH<\/h3>\n<p>Zgodnie z art. 13 ust. 1-2 Rozporz\u0105dzenia Parlamentu Europejskiego i Rady (UE) 2016\/679 z dnia 27 kwietnia 2016 r. w sprawie ochrony os\u00f3b fizycznych w zwi\u0105zku z przetwarzaniem danych osobowych i w sprawie swobodnego przep\u0142ywu takich danych oraz uchylenia dyrektywy 95\/46\/WE (og\u00f3lne rozporz\u0105dzenie o ochronie danych) (dalej \u201eRODO\u201d) informujemy, \u017ce:<br \/>\n1. Administratorem danych osobowych udost\u0119pnionych na niniejszej stronie internetowej lub w jakiejkolwiek innej formie naszej sp\u00f3\u0142ce jest \u201eOZ-BUD\u201d PRZEDSI\u0118BIORSTWO BUDOWLANO-US\u0141UGOWE sp\u00f3\u0142ka z ograniczon\u0105 odpowiedzialno\u015bci\u0105 (zwana dalej Sp\u00f3\u0142k\u0105).<\/p>\n<p>2. Sp\u00f3\u0142ka ma siedzib\u0119 przy ul. Fabrycznej 20, 53-609 Wroc\u0142aw i jest wpisana do Krajowego Rejestru S\u0105dowego pod numerem 0000061628.<\/p>\n<p>3. b\u0119dzie przetwarza\u0142a pozyskane dane w celu:<\/p>\n<p>3.1. podj\u0119cia dzia\u0142a\u0144 w celu zawarcia i wykonania umowy, kt\u00f3rej Pa\u0144stwo jeste\u015bcie stron\u0105,<br \/>\n3.2. obs\u0142ug\u0119, dochodzenie i obron\u0119 w razie zaistnienia wzajemnych roszcze\u0144,<\/p>\n<p>4. Podstaw\u0105 prawn\u0105 przetwarzania przez \u201eOZ-BUD\u201d PRZEDSI\u0118BIORSTWO BUDOWLANO-US\u0141UGOWE sp\u00f3\u0142ka z ograniczon\u0105 odpowiedzialno\u015bci\u0105 Pa\u0144stwa danych osobowych jest:<br \/>\n4.1. podj\u0119cie dzia\u0142a\u0144 na \u017c\u0105danie osoby kt\u00f3rej dane dotycz\u0105 w celu zawarcia umowy jak r\u00f3wnie\u017c p\u00f3\u017aniej w celu jej wykonania umowy (zgodnie z art. 6 ust. 1 lit. b RODO), kt\u00f3rej Pa\u0144stwo jeste\u015bcie stron\u0105,<br \/>\n4.2. wype\u0142nianie obowi\u0105zk\u00f3w prawnych zwi\u0105zanych z p\u0142aceniem podatk\u00f3w, w tym prowadzenie i przechowywanie ksi\u0105g podatkowych i dokument\u00f3w zwi\u0105zanych z prowadzeniem ksi\u0105g podatkowych oraz przechowywanie dowod\u00f3w ksi\u0119gowych. Podstaw\u0105 prawn\u0105 przetwarzania danych s\u0105 obowi\u0105zki prawne wynikaj\u0105ce z przepis\u00f3w podatkowych (Ordynacja podatkowa, ustawa o podatku od towar\u00f3w i us\u0142ug, ustawa o podatku dochodowym od os\u00f3b prawnych) oraz z przepis\u00f3w o rachunkowo\u015bci (ustawa o rachunkowo\u015bci) oraz z przepis\u00f3w o rachunkowo\u015bci (ustawa o rachunkowo\u015bci), wype\u0142nienie obowi\u0105zku jako Instytucji Obowi\u0105zanej, wynikaj\u0105cego z ustawy o przeciwdzia\u0142aniu prania brudnych pieni\u0119dzy, (zgodnie z art. 6 ust. 1 lit. c RODO)<br \/>\n4.3. prawnie uzasadniony interes \u201eOZ-BUD\u201d PRZEDSI\u0118BIORSTWO BUDOWLANO-US\u0141UGOWE sp\u00f3\u0142ka z ograniczon\u0105 odpowiedzialno\u015bci\u0105 &#8211; w celu obs\u0142ugi, dochodzenia i obrony w razie zaistnienia wzajemnych roszcze\u0144 (zgodnie z art. 6. ust. 1 lit. f RODO).<\/p>\n<p>5. W ka\u017cdej chwili przys\u0142uguje Pa\u0144stwu prawo do wniesienia sprzeciwu wobec przetwarzania danych, przetwarzanych w celu i na podstawie wskazanych powy\u017cej. Przestaniemy przetwarza\u0107 dane w tych celach, chyba \u017ce b\u0119dziemy w stanie wykaza\u0107, \u017ce istniej\u0105 wa\u017cne, prawnie uzasadnione podstawy, kt\u00f3re s\u0105 nadrz\u0119dne wobec Pa\u0144stwa interes\u00f3w praw i wolno\u015bci lub dane te b\u0119d\u0105 niezb\u0119dne do ewentualnego ustalenia, dochodzenia lub obrony roszcze\u0144.<\/p>\n<p>6. Dane b\u0119d\u0105 przechowywane przez okres niezb\u0119dny dla prawid\u0142owego wykonania umowy, nie d\u0142u\u017cej jednak ni\u017c do przedawnienia dochodzenia roszczenia lub zatarcia skazania.<\/p>\n<p>7. Pa\u0144stwa dane osobowe mog\u0105 zosta\u0107 przekazywane wy\u0142\u0105cznie naszym pracownikom, wsp\u00f3\u0142pracownikom i osob\u0105 z kt\u00f3rymi mamy zawarte r\u00f3\u017cnego rodzaju umowy cywilnoprawne w oparciu o umow\u0119 o powierzeniu do przetwarzania danych osobowych.<\/p>\n<p>8. Ponadto informujemy, i\u017c zgodnie z RODO przys\u0142uguje Pa\u0144stwu prawo do:<br \/>\na) dost\u0119pu do swoich danych oraz otrzymania ich kopii,<br \/>\nb) sprostowania (poprawiania) swoich danych,<br \/>\nc) \u017c\u0105dania usuni\u0119cia, ograniczenia lub wniesienia sprzeciwu wobec ich przetwarzania,<br \/>\nd) przenoszenia danych,<br \/>\ne) wniesienia skargi do organu nadzorczego.<\/p>\n<p>9. W ka\u017cdej chwili przys\u0142uguje Pa\u0144stwu prawo do wycofania zgody na przetwarzanie jego danych osobowych (w tym nale\u017c\u0105cych do szczeg\u00f3lnej kategorii), ale cofni\u0119cie zgody nie wp\u0142ywa na zgodno\u015b\u0107 z prawem przetwarzania, kt\u00f3rego dokonano zgodnie z prawem, przed jej wycofaniem.<br \/>\n10. Podanie przez Pa\u0144stwa danych osobowych jest dobrowolne.<br \/>\n11. Nadto za\u015b wskazujemy, i\u017c nie podejmujemy decyzji w spos\u00f3b zautomatyzowany i Pa\u0144stwa dane nie s\u0105 profilowane.<\/p>\n<\/div><\/section><\/div><\/div><\/div><\/div><!-- close content main div --><\/div><\/div><div id='av_section_3' class='avia-section main_color avia-section-default avia-no-border-styling avia-full-stretch avia-bg-style-scroll   av-minimum-height av-minimum-height-custom container_wrap fullsize' style = 'background-repeat: no-repeat; background-image: url(https:\/\/www.ozbud.com.pl\/wp-content\/uploads\/2018\/02\/ozbud-footer-04.png); background-attachment: scroll; background-position: bottom center; ' data-section-bg-repeat='stretch' ><div class='container' style='height:530px'><div class='template-page content  av-content-full alpha units'><div class='post-entry post-entry-type-page post-entry-1800'><div class='entry-content-wrapper clearfix'><\/p>\n","protected":false},"excerpt":{"rendered":"","protected":false},"author":2,"featured_media":0,"parent":0,"menu_order":0,"comment_status":"closed","ping_status":"closed","template":"","meta":{"footnotes":""},"yst_prominent_words":[686,684,701,667,673,668,685,700,692,699,674,688,683,693,689,694,697,687,698,691],"class_list":["post-1800","page","type-page","status-publish","hentry"],"_links":{"self":[{"href":"https:\/\/www.ozbud.com.pl\/index.php\/wp-json\/wp\/v2\/pages\/1800","targetHints":{"allow":["GET"]}}],"collection":[{"href":"https:\/\/www.ozbud.com.pl\/index.php\/wp-json\/wp\/v2\/pages"}],"about":[{"href":"https:\/\/www.ozbud.com.pl\/index.php\/wp-json\/wp\/v2\/types\/page"}],"author":[{"embeddable":true,"href":"https:\/\/www.ozbud.com.pl\/index.php\/wp-json\/wp\/v2\/users\/2"}],"replies":[{"embeddable":true,"href":"https:\/\/www.ozbud.com.pl\/index.php\/wp-json\/wp\/v2\/comments?post=1800"}],"version-history":[{"count":5,"href":"https:\/\/www.ozbud.com.pl\/index.php\/wp-json\/wp\/v2\/pages\/1800\/revisions"}],"predecessor-version":[{"id":2486,"href":"https:\/\/www.ozbud.com.pl\/index.php\/wp-json\/wp\/v2\/pages\/1800\/revisions\/2486"}],"wp:attachment":[{"href":"https:\/\/www.ozbud.com.pl\/index.php\/wp-json\/wp\/v2\/media?parent=1800"}],"wp:term":[{"taxonomy":"yst_prominent_words","embeddable":true,"href":"https:\/\/www.ozbud.com.pl\/index.php\/wp-json\/wp\/v2\/yst_prominent_words?post=1800"}],"curies":[{"name":"wp","href":"https:\/\/api.w.org\/{rel}","templated":true}]}}